{"id":3535,"date":"2023-05-29T10:16:26","date_gmt":"2023-05-29T08:16:26","guid":{"rendered":"https:\/\/www.snipnotes.de\/de\/?page_id=3535"},"modified":"2024-01-25T14:40:44","modified_gmt":"2024-01-25T13:40:44","slug":"migration-auf-snipnotes-5","status":"publish","type":"page","link":"https:\/\/www.snipnotes.de\/de\/migration-auf-snipnotes-5\/","title":{"rendered":"Migration auf SnipNotes 5"},"content":{"rendered":"\n<p>SnipNotes 5 ist ein gro\u00dfes neues Update, das am 1. Juni 2023 ver\u00f6ffentlicht wurde. Es bietet einige der am h\u00e4ufigsten gew\u00fcnschten Funktionen wie Unterkategorien, iCloud-Synchronisation auf der Apple Watch und eine viel gr\u00f6\u00dfere Auswahl an Symbolen f\u00fcr Notizen und Kategorien. Weitere Details zu den neuen Funktionen finden Sie in <a rel=\"noreferrer noopener\" href=\"https:\/\/www.snipnotes.de\/de\/snipnotes-5-fuer-ios-und-mac-ist-jetzt-verfuegbar\/\" data-type=\"post\" data-id=\"3538\" target=\"_blank\">diesem Blog-Post<\/a>.<\/p>\n\n\n\n<h3 class=\"wp-block-heading\">iOS<\/h3>\n\n\n\n<p>SnipNotes 5 ist als regul\u00e4res Update im App Store erh\u00e4ltlich. Sie k\u00f6nnen Unterkategorien freischalten, indem Sie einen einmaligen Kauf innerhalb der App t\u00e4tigen. Dieser Kauf schaltet die Funktion sowohl f\u00fcr iOS als auch f\u00fcr macOS frei. Wenn Sie SnipNotes Plus nach dem 1. Januar 2023 gekauft haben, erhalten Sie automatisch Zugang zu Unterkategorien. Bestehende Kunden von SnipNotes Plus k\u00f6nnen alle anderen neuen Funktionen kostenlos nutzen, wie z.B. die neuen Symbole und die iCloud-Synchronisation auf der Apple Watch.<\/p>\n\n\n\n<h3 class=\"wp-block-heading\">macOS<\/h3>\n\n\n\n<p>SnipNotes 5 ist als <a href=\"https:\/\/apps.apple.com\/de\/app\/id967594709\">neue App im Mac App Store<\/a> ab macOS 12 verf\u00fcgbar. Dies ist eine technische Voraussetzung, um gemeinsame K\u00e4ufe zwischen iOS und macOS zu erm\u00f6glichen. Sie k\u00f6nnen die vorhandene App gefahrlos aus Ihrem &#8222;Programme&#8220; &#8211; Ordner l\u00f6schen und die <a href=\"https:\/\/apps.apple.com\/de\/app\/id967594709\">neue Version aus dem Mac App Store herunterladen<\/a>. Ihre Notizen werden automatisch \u00fcbertragen, und alle Funktionen sind weiterhin verf\u00fcgbar. Als bestehender Mac-Kunde haben Sie Zugriff auf alle Funktionen der neuen Mac-App mit Ausnahme der Unterkategorien. Diese neue Funktion kann sowohl f\u00fcr die iOS- als auch f\u00fcr die Mac-Version von SnipNotes mit einem gemeinsamen, einmaligen Kauf freigeschaltet werden.<\/p>\n\n\n\n<p>\ud83d\udca1 Wenn Sie SnipNotes f\u00fcr Mac nach dem 1. Januar 2023 gekauft haben, erhalten Sie ebenfalls ein kostenloses Upgrade auf Unterkategorien. Bitte senden Sie mir dazu Ihre App Store-Rechnung per E-Mail an <a href=\"mailto:support@snipnotes.de\">support@snipnotes.de<\/a>.<\/p>\n\n\n\n<p>\u26a0\ufe0f Falls Sie vor der Migration bereits Unterkategorien auf Ihrem iPhone oder iPad erstellt haben und diese nicht korrekt auf dem Mac angezeigt werden, setzen Sie bitte <strong>auf Ihrem iOS &#8211; Ger\u00e4t<\/strong> <a href=\"https:\/\/snipnotes.notion.site\/Probleme-mit-der-iCloud-Synchronisation-beheben-4396db8c97fe4d518ff3ae2115eeb14e#06b1344cf4f24031b6dbb2b2839eb242\">die iCloud &#8211; Synchronisation im Einstellungsmen\u00fc zur\u00fcck<\/a>.<\/p>\n\n\n\n<p>Vielen Dank, dass Sie SnipNotes benutzen! Wenn Sie Fragen haben oder ein Problem auftritt, kontaktieren Sie mich bitte unter <a href=\"http:\/\/snipnotes.de\/support\">snipnotes.de\/support<\/a>. Ich helfe Ihnen gerne weiter! \ud83d\ude0a<\/p>\n","protected":false},"excerpt":{"rendered":"<p>SnipNotes 5 ist ein gro\u00dfes neues Update, das am 1. Juni 2023 ver\u00f6ffentlicht wurde. Es bietet einige der am h\u00e4ufigsten gew\u00fcnschten Funktionen wie Unterkategorien, iCloud-Synchronisation auf der Apple Watch und eine viel gr\u00f6\u00dfere Auswahl an Symbolen f\u00fcr Notizen und Kategorien. Weitere Details zu den neuen Funktionen finden Sie in diesem Blog-Post. iOS SnipNotes 5 ist [&hellip;]<\/p>\n","protected":false},"author":1,"featured_media":0,"parent":0,"menu_order":0,"comment_status":"closed","ping_status":"closed","template":"","meta":{"site-sidebar-layout":"default","site-content-layout":"","ast-site-content-layout":"default","site-content-style":"default","site-sidebar-style":"default","ast-global-header-display":"","ast-banner-title-visibility":"","ast-main-header-display":"","ast-hfb-above-header-display":"","ast-hfb-below-header-display":"","ast-hfb-mobile-header-display":"","site-post-title":"","ast-breadcrumbs-content":"","ast-featured-img":"","footer-sml-layout":"","ast-disable-related-posts":"","theme-transparent-header-meta":"","adv-header-id-meta":"","stick-header-meta":"","header-above-stick-meta":"","header-main-stick-meta":"","header-below-stick-meta":"","astra-migrate-meta-layouts":"set","ast-page-background-enabled":"default","ast-page-background-meta":{"desktop":{"background-color":"","background-image":"","background-repeat":"repeat","background-position":"center center","background-size":"auto","background-attachment":"scroll","background-type":"","background-media":"","overlay-type":"","overlay-color":"","overlay-opacity":"","overlay-gradient":""},"tablet":{"background-color":"","background-image":"","background-repeat":"repeat","background-position":"center center","background-size":"auto","background-attachment":"scroll","background-type":"","background-media":"","overlay-type":"","overlay-color":"","overlay-opacity":"","overlay-gradient":""},"mobile":{"background-color":"","background-image":"","background-repeat":"repeat","background-position":"center center","background-size":"auto","background-attachment":"scroll","background-type":"","background-media":"","overlay-type":"","overlay-color":"","overlay-opacity":"","overlay-gradient":""}},"ast-content-background-meta":{"desktop":{"background-color":"var(--ast-global-color-5)","background-image":"","background-repeat":"repeat","background-position":"center center","background-size":"auto","background-attachment":"scroll","background-type":"","background-media":"","overlay-type":"","overlay-color":"","overlay-opacity":"","overlay-gradient":""},"tablet":{"background-color":"var(--ast-global-color-5)","background-image":"","background-repeat":"repeat","background-position":"center center","background-size":"auto","background-attachment":"scroll","background-type":"","background-media":"","overlay-type":"","overlay-color":"","overlay-opacity":"","overlay-gradient":""},"mobile":{"background-color":"var(--ast-global-color-5)","background-image":"","background-repeat":"repeat","background-position":"center center","background-size":"auto","background-attachment":"scroll","background-type":"","background-media":"","overlay-type":"","overlay-color":"","overlay-opacity":"","overlay-gradient":""}},"footnotes":""},"class_list":["post-3535","page","type-page","status-publish","hentry"],"_links":{"self":[{"href":"https:\/\/www.snipnotes.de\/de\/wp-json\/wp\/v2\/pages\/3535","targetHints":{"allow":["GET"]}}],"collection":[{"href":"https:\/\/www.snipnotes.de\/de\/wp-json\/wp\/v2\/pages"}],"about":[{"href":"https:\/\/www.snipnotes.de\/de\/wp-json\/wp\/v2\/types\/page"}],"author":[{"embeddable":true,"href":"https:\/\/www.snipnotes.de\/de\/wp-json\/wp\/v2\/users\/1"}],"replies":[{"embeddable":true,"href":"https:\/\/www.snipnotes.de\/de\/wp-json\/wp\/v2\/comments?post=3535"}],"version-history":[{"count":6,"href":"https:\/\/www.snipnotes.de\/de\/wp-json\/wp\/v2\/pages\/3535\/revisions"}],"predecessor-version":[{"id":3765,"href":"https:\/\/www.snipnotes.de\/de\/wp-json\/wp\/v2\/pages\/3535\/revisions\/3765"}],"wp:attachment":[{"href":"https:\/\/www.snipnotes.de\/de\/wp-json\/wp\/v2\/media?parent=3535"}],"curies":[{"name":"wp","href":"https:\/\/api.w.org\/{rel}","templated":true}]}}