{"id":44,"date":"2015-03-03T13:16:02","date_gmt":"2015-03-03T18:16:02","guid":{"rendered":"http:\/\/blog.snipnotes.de\/?page_id=44"},"modified":"2017-03-13T15:43:21","modified_gmt":"2017-03-13T14:43:21","slug":"support","status":"publish","type":"page","link":"https:\/\/www.snipnotes.de\/de\/support\/","title":{"rendered":"Kontakt"},"content":{"rendered":"<p>Haben Sie Fragen bez\u00fcglich SnipNotes? Ben\u00f6tigen Sie Hilfe? Vermissen Sie eine Funktionalit\u00e4t?<br \/>\nBitte f\u00fcllen Sie dieses Formular aus, ich melde mich so schnell wie m\u00f6glich bei Ihnen.<\/p>\n\n<div class=\"wpcf7 no-js\" id=\"wpcf7-f506-o1\" lang=\"de-DE\" dir=\"ltr\" data-wpcf7-id=\"506\">\n<div class=\"screen-reader-response\"><p role=\"status\" aria-live=\"polite\" aria-atomic=\"true\"><\/p> <ul><\/ul><\/div>\n<form action=\"\/de\/wp-json\/wp\/v2\/pages\/44#wpcf7-f506-o1\" method=\"post\" class=\"wpcf7-form init\" aria-label=\"Kontaktformular\" novalidate=\"novalidate\" data-status=\"init\">\n<fieldset class=\"hidden-fields-container\"><input type=\"hidden\" name=\"_wpcf7\" value=\"506\" \/><input type=\"hidden\" name=\"_wpcf7_version\" value=\"6.1.5\" \/><input type=\"hidden\" name=\"_wpcf7_locale\" value=\"de_DE\" \/><input type=\"hidden\" name=\"_wpcf7_unit_tag\" value=\"wpcf7-f506-o1\" \/><input type=\"hidden\" name=\"_wpcf7_container_post\" value=\"0\" \/><input type=\"hidden\" name=\"_wpcf7_posted_data_hash\" value=\"\" \/><input type=\"hidden\" name=\"_wpcf7cf_hidden_group_fields\" value=\"[]\" \/><input type=\"hidden\" name=\"_wpcf7cf_hidden_groups\" value=\"[]\" \/><input type=\"hidden\" name=\"_wpcf7cf_visible_groups\" value=\"[]\" \/><input type=\"hidden\" name=\"_wpcf7cf_repeaters\" value=\"[]\" \/><input type=\"hidden\" name=\"_wpcf7cf_steps\" value=\"{}\" \/><input type=\"hidden\" name=\"_wpcf7cf_options\" value=\"{&quot;form_id&quot;:506,&quot;conditions&quot;:[{&quot;then_field&quot;:&quot;hint-question&quot;,&quot;and_rules&quot;:[{&quot;if_field&quot;:&quot;your-topic&quot;,&quot;operator&quot;:&quot;equals&quot;,&quot;if_value&quot;:&quot;Frage zu SnipNotes&quot;}]},{&quot;then_field&quot;:&quot;hint-support&quot;,&quot;and_rules&quot;:[{&quot;if_field&quot;:&quot;your-topic&quot;,&quot;operator&quot;:&quot;equals&quot;,&quot;if_value&quot;:&quot;Problem mit der App&quot;}]},{&quot;then_field&quot;:&quot;hint-suggestion&quot;,&quot;and_rules&quot;:[{&quot;if_field&quot;:&quot;your-topic&quot;,&quot;operator&quot;:&quot;equals&quot;,&quot;if_value&quot;:&quot;Verbesserungsvorschlag&quot;}]},{&quot;then_field&quot;:&quot;hint-price&quot;,&quot;and_rules&quot;:[{&quot;if_field&quot;:&quot;your-topic&quot;,&quot;operator&quot;:&quot;equals&quot;,&quot;if_value&quot;:&quot;Preis oder Freischaltung&quot;}]},{&quot;then_field&quot;:&quot;hint-beta&quot;,&quot;and_rules&quot;:[{&quot;if_field&quot;:&quot;your-topic&quot;,&quot;operator&quot;:&quot;equals&quot;,&quot;if_value&quot;:&quot;Anmeldung f\\u00fcr Betatest&quot;}]},{&quot;then_field&quot;:&quot;hint-promo-code&quot;,&quot;and_rules&quot;:[{&quot;if_field&quot;:&quot;your-topic&quot;,&quot;operator&quot;:&quot;equals&quot;,&quot;if_value&quot;:&quot;Gutscheincode&quot;}]}],&quot;settings&quot;:{&quot;animation&quot;:&quot;yes&quot;,&quot;animation_intime&quot;:200,&quot;animation_outtime&quot;:200,&quot;conditions_ui&quot;:&quot;normal&quot;,&quot;notice_dismissed&quot;:false,&quot;repeater_remove_button&quot;:&quot;bottom&quot;,&quot;notice_dismissed_rollback-cf7-5.8.5&quot;:true,&quot;notice_dismissed_rollback-cf7-5.8.6&quot;:true,&quot;notice_dismissed_rollback-cf7-5.8.7&quot;:true,&quot;notice_dismissed_rollback-cf7-5.9.2&quot;:true,&quot;notice_dismissed_rollback-cf7-5.9.3&quot;:true}}\" \/>\n<\/fieldset>\n<p><b>Ihr Name<\/b>\n<\/p>\n<p><span class=\"wpcf7-form-control-wrap\" data-name=\"your-name\"><input size=\"40\" maxlength=\"400\" class=\"wpcf7-form-control wpcf7-text wpcf7-validates-as-required\" aria-required=\"true\" aria-invalid=\"false\" value=\"\" type=\"text\" name=\"your-name\" \/><\/span>\n<\/p>\n<p><b>Ihre E-Mail-Adresse<\/b>\n<\/p>\n<p><span class=\"wpcf7-form-control-wrap\" data-name=\"your-email\"><input size=\"40\" maxlength=\"400\" class=\"wpcf7-form-control wpcf7-email wpcf7-validates-as-required wpcf7-text wpcf7-validates-as-email\" aria-required=\"true\" aria-invalid=\"false\" value=\"\" type=\"email\" name=\"your-email\" \/><\/span>\n<\/p>\n<p><b>Plattform<\/b>\n<\/p>\n<p><span class=\"wpcf7-form-control-wrap\" data-name=\"your-platform\"><select class=\"wpcf7-form-control wpcf7-select wpcf7-validates-as-required\" aria-required=\"true\" aria-invalid=\"false\" name=\"your-platform\"><option value=\"SnipNotes f\u00fcr iOS\">SnipNotes f\u00fcr iOS<\/option><option value=\"SnipNotes f\u00fcr macOS\">SnipNotes f\u00fcr macOS<\/option><option value=\"SnipNotes f\u00fcr Apple Watch\">SnipNotes f\u00fcr Apple Watch<\/option><option value=\"Allgemeine Anfrage\">Allgemeine Anfrage<\/option><\/select><\/span>\n<\/p>\n<p><b>Thema<\/b>\n<\/p>\n<p><span class=\"wpcf7-form-control-wrap\" data-name=\"your-topic\"><select class=\"wpcf7-form-control wpcf7-select wpcf7-validates-as-required\" aria-required=\"true\" aria-invalid=\"false\" name=\"your-topic\"><option value=\"\">&#8211; Bitte ausw\u00e4hlen &#8211;<\/option><option value=\"Frage zu SnipNotes\">Frage zu SnipNotes<\/option><option value=\"Problem mit der App\">Problem mit der App<\/option><option value=\"Verbesserungsvorschlag\">Verbesserungsvorschlag<\/option><option value=\"Preis oder Freischaltung\">Preis oder Freischaltung<\/option><option value=\"Anmeldung f\u00fcr Betatest\">Anmeldung f\u00fcr Betatest<\/option><option value=\"Gutscheincode\">Gutscheincode<\/option><option value=\"Sonstiges\">Sonstiges<\/option><\/select><\/span>\n<\/p>\n<div data-id=\"hint-question\" data-orig_data_id=\"hint-question\"  class=\"\" data-class=\"wpcf7cf_group\">\n\t<p>Kennen Sie schon die <a href=\"https:\/\/wiki.snipnotes.de\/de\" target=\"_blank\">SnipNotes Wissensdatenbank<\/a>? In dieser Sammlung von Hilfe-Artikeln finden Sie n\u00fctzliche Informationen zu vielen Bereichen der App.\n\t<\/p>\n<\/div>\n<div data-id=\"hint-support\" data-orig_data_id=\"hint-support\"  class=\"\" data-class=\"wpcf7cf_group\">\n\t<p>Bitte schicken Sie mir wenn m\u00f6glich eine E-Mail direkt aus der App heraus. Dadurch erhalte ich automatisch Informationen zum Zustand der App und kann das Problem schneller beheben. Eine Anleitung finden Sie <a href=\"https:\/\/www.notion.so\/Unterst-tzung-anfordern-9fe7779f257e4677b86fb3c5a225c9c3\" target=\"_blank\">hier<\/a>.\n\t<\/p>\n<\/div>\n<div data-id=\"hint-suggestion\" data-orig_data_id=\"hint-suggestion\"  class=\"\" data-class=\"wpcf7cf_group\">\n\t<p>Bitte werfen Sie einen Blick auf die <a href=\"https:\/\/www.notion.so\/Eine-neue-Funktion-vorschlagen-b53b2d0bfbed4d9b84c73d2f928c6b7c\" target=\"_blank\">Liste der h\u00e4ufig nachgefragten Funktionen<\/a>. Diese Features habe ich bereits fest eingeplant. Bitte schreiben Sie mir nur dann eine Nachricht, wenn Ihr Vorschlag noch nicht auf der Liste steht.\n\t<\/p>\n<\/div>\n<div data-id=\"hint-price\" data-orig_data_id=\"hint-price\"  class=\"\" data-class=\"wpcf7cf_group\">\n\t<p>Informationen zur Preisgestaltung von SnipNotes finden Sie <a href=\"https:\/\/www.snipnotes.de\/de\/ufaqs\/was-kostet-snipnotes\/\" target=\"_blank\">hier<\/a>. Bei Problemen mit der Freischaltung werfen Sie bitte zun\u00e4chst einen Blick <a href=\"https:\/\/www.notion.so\/Aktivierungsprobleme-beheben-469c655e76dc4027a11a662332bf0a90\" target=\"_blank\">auf diesen Hilfe-Artikel<\/a>.\n\t<\/p>\n<\/div>\n<div data-id=\"hint-beta\" data-orig_data_id=\"hint-beta\"  class=\"\" data-class=\"wpcf7cf_group\">\n\t<p><a href=\"https:\/\/www.snipnotes.de\/de\/beta\/\" target=\"_blank\">Hier geht es zur Anmeldung f\u00fcr den Betatest.<\/a>\n\t<\/p>\n<\/div>\n<div data-id=\"hint-promo-code\" data-orig_data_id=\"hint-promo-code\"  class=\"\" data-class=\"wpcf7cf_group\">\n\t<p>Ich stelle Pressevertretern ein kostenloses Exemplar der App zur Verf\u00fcgung: <a href=\"https:\/\/www.snipnotes.de\/de\/gutscheincode-anfordern\/\" target=\"_blank\">Gutscheincode anfordern<\/a>\n\t<\/p>\n<\/div>\n<p><b>Betreff<\/b>\n<\/p>\n<p><span class=\"wpcf7-form-control-wrap\" data-name=\"your-subject\"><input size=\"40\" maxlength=\"400\" class=\"wpcf7-form-control wpcf7-text wpcf7-validates-as-required\" aria-required=\"true\" aria-invalid=\"false\" value=\"\" type=\"text\" name=\"your-subject\" \/><\/span>\n<\/p>\n<p><b>Ihre Nachricht<\/b>\n<\/p>\n<p><span class=\"wpcf7-form-control-wrap\" data-name=\"your-message\"><textarea cols=\"40\" rows=\"10\" maxlength=\"2000\" class=\"wpcf7-form-control wpcf7-textarea wpcf7-validates-as-required\" aria-required=\"true\" aria-invalid=\"false\" name=\"your-message\"><\/textarea><\/span>\n<\/p>\n<p><!-- Mailchimp for WordPress v4.12.2 - https:\/\/www.mc4wp.com\/ --><input type=\"hidden\" name=\"_mc4wp_subscribe_contact-form-7\" value=\"0\" \/><span class=\"mc4wp-checkbox mc4wp-checkbox-contact-form-7 \"><label><input type=\"checkbox\" name=\"_mc4wp_subscribe_contact-form-7\" value=\"1\" ><span>M\u00f6chten Sie den kostenlosen Newsletter abonnieren?<\/span><\/label><\/span><!-- \/ Mailchimp for WordPress -->\n<\/p>\n<p><input class=\"wpcf7-form-control wpcf7-submit has-spinner\" type=\"submit\" value=\"Senden\" \/>\n<\/p><input\n                    class=\"apbct_special_field apbct_email_id__wp_contact_form_7\"\n                    name=\"apbct__email_id__wp_contact_form_7\"\n                    aria-label=\"apbct__label_id__wp_contact_form_7\"\n                    type=\"text\" size=\"30\" maxlength=\"200\" autocomplete=\"off\"\n                    value=\"\"\n                \/><div class=\"wpcf7-response-output\" aria-hidden=\"true\"><\/div>\n<\/form>\n<\/div>\n\n<p>Oder schreiben Sie eine E-Mail an\u00a0<a title=\"support@snipnotes.de\" href=\"mailto:support@snipnotes.de\">support@snipnotes.de<\/a>.<\/p>\n<p>Sie k\u00f6nnen mich auch auf\u00a0<a title=\"Twitter\" href=\"http:\/\/www.twitter.com\/SnipNotesApp_DE\" target=\"_blank\">Twitter<\/a>\u00a0erreichen.<\/p>\n","protected":false},"excerpt":{"rendered":"<p>Haben Sie Fragen bez\u00fcglich SnipNotes? Ben\u00f6tigen Sie Hilfe? Vermissen Sie eine Funktionalit\u00e4t? Bitte f\u00fcllen Sie dieses Formular aus, ich melde mich so schnell wie m\u00f6glich bei Ihnen. Oder schreiben Sie eine E-Mail an\u00a0support@snipnotes.de. Sie k\u00f6nnen mich auch auf\u00a0Twitter\u00a0erreichen.<\/p>\n","protected":false},"author":1,"featured_media":0,"parent":0,"menu_order":1,"comment_status":"closed","ping_status":"closed","template":"","meta":{"site-sidebar-layout":"default","site-content-layout":"","ast-site-content-layout":"default","site-content-style":"default","site-sidebar-style":"default","ast-global-header-display":"","ast-banner-title-visibility":"","ast-main-header-display":"","ast-hfb-above-header-display":"","ast-hfb-below-header-display":"","ast-hfb-mobile-header-display":"","site-post-title":"","ast-breadcrumbs-content":"","ast-featured-img":"","footer-sml-layout":"","ast-disable-related-posts":"","theme-transparent-header-meta":"","adv-header-id-meta":"","stick-header-meta":"","header-above-stick-meta":"","header-main-stick-meta":"","header-below-stick-meta":"","astra-migrate-meta-layouts":"default","ast-page-background-enabled":"default","ast-page-background-meta":{"desktop":{"background-color":"","background-image":"","background-repeat":"repeat","background-position":"center center","background-size":"auto","background-attachment":"scroll","background-type":"","background-media":"","overlay-type":"","overlay-color":"","overlay-opacity":"","overlay-gradient":""},"tablet":{"background-color":"","background-image":"","background-repeat":"repeat","background-position":"center center","background-size":"auto","background-attachment":"scroll","background-type":"","background-media":"","overlay-type":"","overlay-color":"","overlay-opacity":"","overlay-gradient":""},"mobile":{"background-color":"","background-image":"","background-repeat":"repeat","background-position":"center center","background-size":"auto","background-attachment":"scroll","background-type":"","background-media":"","overlay-type":"","overlay-color":"","overlay-opacity":"","overlay-gradient":""}},"ast-content-background-meta":{"desktop":{"background-color":"var(--ast-global-color-5)","background-image":"","background-repeat":"repeat","background-position":"center center","background-size":"auto","background-attachment":"scroll","background-type":"","background-media":"","overlay-type":"","overlay-color":"","overlay-opacity":"","overlay-gradient":""},"tablet":{"background-color":"var(--ast-global-color-5)","background-image":"","background-repeat":"repeat","background-position":"center center","background-size":"auto","background-attachment":"scroll","background-type":"","background-media":"","overlay-type":"","overlay-color":"","overlay-opacity":"","overlay-gradient":""},"mobile":{"background-color":"var(--ast-global-color-5)","background-image":"","background-repeat":"repeat","background-position":"center center","background-size":"auto","background-attachment":"scroll","background-type":"","background-media":"","overlay-type":"","overlay-color":"","overlay-opacity":"","overlay-gradient":""}},"footnotes":""},"class_list":["post-44","page","type-page","status-publish","hentry"],"_links":{"self":[{"href":"https:\/\/www.snipnotes.de\/de\/wp-json\/wp\/v2\/pages\/44","targetHints":{"allow":["GET"]}}],"collection":[{"href":"https:\/\/www.snipnotes.de\/de\/wp-json\/wp\/v2\/pages"}],"about":[{"href":"https:\/\/www.snipnotes.de\/de\/wp-json\/wp\/v2\/types\/page"}],"author":[{"embeddable":true,"href":"https:\/\/www.snipnotes.de\/de\/wp-json\/wp\/v2\/users\/1"}],"replies":[{"embeddable":true,"href":"https:\/\/www.snipnotes.de\/de\/wp-json\/wp\/v2\/comments?post=44"}],"version-history":[{"count":13,"href":"https:\/\/www.snipnotes.de\/de\/wp-json\/wp\/v2\/pages\/44\/revisions"}],"predecessor-version":[{"id":930,"href":"https:\/\/www.snipnotes.de\/de\/wp-json\/wp\/v2\/pages\/44\/revisions\/930"}],"wp:attachment":[{"href":"https:\/\/www.snipnotes.de\/de\/wp-json\/wp\/v2\/media?parent=44"}],"curies":[{"name":"wp","href":"https:\/\/api.w.org\/{rel}","templated":true}]}}