{"id":469,"date":"2015-11-28T10:31:28","date_gmt":"2015-11-28T09:31:28","guid":{"rendered":"http:\/\/www.snipnotes.de\/de\/?page_id=469"},"modified":"2015-11-28T15:56:04","modified_gmt":"2015-11-28T14:56:04","slug":"feedback","status":"publish","type":"page","link":"https:\/\/www.snipnotes.de\/de\/feedback\/","title":{"rendered":"Umfrage zu neuen Funktionen"},"content":{"rendered":"<p>In den letzten Monaten habe ich zahlreiche\u00a0Anfragen zu neuen Features und Verbesserungsvorschl\u00e4ge erhalten. Sie haben jetzt die M\u00f6glichkeit mitzubestimmen, welche dieser Features in der nahen Zukunft umgesetzt werden sollen. Ich habe dazu eine Umfrage erstellt, in der die am h\u00e4ufigsten genannten Vorschl\u00e4ge aufgef\u00fchrt sind:<\/p>\n<p>[poll id=&#8220;2&#8243;]<\/p>\n<p>Wenn Ihre Idee in dieser Liste nicht aufgef\u00fchrt ist, k\u00f6nnen Sie sie gerne\u00a0als Kommentar unter diese Seite schreiben oder mir per E-Mail an <a href=\"mailto:features@snipnotes.de\">features@snipnotes.de<\/a> schicken. Ich werde alle Ideen\u00a0bei der Auswertung ber\u00fccksichtigen. Vielen Dank f\u00fcr Ihr Feedback!<\/p>\n","protected":false},"excerpt":{"rendered":"<p>In den letzten Monaten habe ich zahlreiche\u00a0Anfragen zu neuen Features und Verbesserungsvorschl\u00e4ge erhalten. Sie haben jetzt die M\u00f6glichkeit mitzubestimmen, welche dieser Features in der nahen Zukunft umgesetzt werden sollen. Ich habe dazu eine Umfrage erstellt, in der die am h\u00e4ufigsten genannten Vorschl\u00e4ge aufgef\u00fchrt sind: [poll id=&#8220;2&#8243;] Wenn Ihre Idee in dieser Liste nicht aufgef\u00fchrt ist, [&hellip;]<\/p>\n","protected":false},"author":1,"featured_media":0,"parent":0,"menu_order":0,"comment_status":"open","ping_status":"closed","template":"","meta":{"site-sidebar-layout":"default","site-content-layout":"","ast-site-content-layout":"default","site-content-style":"default","site-sidebar-style":"default","ast-global-header-display":"","ast-banner-title-visibility":"","ast-main-header-display":"","ast-hfb-above-header-display":"","ast-hfb-below-header-display":"","ast-hfb-mobile-header-display":"","site-post-title":"","ast-breadcrumbs-content":"","ast-featured-img":"","footer-sml-layout":"","ast-disable-related-posts":"","theme-transparent-header-meta":"","adv-header-id-meta":"","stick-header-meta":"","header-above-stick-meta":"","header-main-stick-meta":"","header-below-stick-meta":"","astra-migrate-meta-layouts":"default","ast-page-background-enabled":"default","ast-page-background-meta":{"desktop":{"background-color":"","background-image":"","background-repeat":"repeat","background-position":"center center","background-size":"auto","background-attachment":"scroll","background-type":"","background-media":"","overlay-type":"","overlay-color":"","overlay-opacity":"","overlay-gradient":""},"tablet":{"background-color":"","background-image":"","background-repeat":"repeat","background-position":"center center","background-size":"auto","background-attachment":"scroll","background-type":"","background-media":"","overlay-type":"","overlay-color":"","overlay-opacity":"","overlay-gradient":""},"mobile":{"background-color":"","background-image":"","background-repeat":"repeat","background-position":"center center","background-size":"auto","background-attachment":"scroll","background-type":"","background-media":"","overlay-type":"","overlay-color":"","overlay-opacity":"","overlay-gradient":""}},"ast-content-background-meta":{"desktop":{"background-color":"var(--ast-global-color-5)","background-image":"","background-repeat":"repeat","background-position":"center center","background-size":"auto","background-attachment":"scroll","background-type":"","background-media":"","overlay-type":"","overlay-color":"","overlay-opacity":"","overlay-gradient":""},"tablet":{"background-color":"var(--ast-global-color-5)","background-image":"","background-repeat":"repeat","background-position":"center center","background-size":"auto","background-attachment":"scroll","background-type":"","background-media":"","overlay-type":"","overlay-color":"","overlay-opacity":"","overlay-gradient":""},"mobile":{"background-color":"var(--ast-global-color-5)","background-image":"","background-repeat":"repeat","background-position":"center center","background-size":"auto","background-attachment":"scroll","background-type":"","background-media":"","overlay-type":"","overlay-color":"","overlay-opacity":"","overlay-gradient":""}},"footnotes":""},"class_list":["post-469","page","type-page","status-publish","hentry"],"_links":{"self":[{"href":"https:\/\/www.snipnotes.de\/de\/wp-json\/wp\/v2\/pages\/469","targetHints":{"allow":["GET"]}}],"collection":[{"href":"https:\/\/www.snipnotes.de\/de\/wp-json\/wp\/v2\/pages"}],"about":[{"href":"https:\/\/www.snipnotes.de\/de\/wp-json\/wp\/v2\/types\/page"}],"author":[{"embeddable":true,"href":"https:\/\/www.snipnotes.de\/de\/wp-json\/wp\/v2\/users\/1"}],"replies":[{"embeddable":true,"href":"https:\/\/www.snipnotes.de\/de\/wp-json\/wp\/v2\/comments?post=469"}],"version-history":[{"count":6,"href":"https:\/\/www.snipnotes.de\/de\/wp-json\/wp\/v2\/pages\/469\/revisions"}],"predecessor-version":[{"id":475,"href":"https:\/\/www.snipnotes.de\/de\/wp-json\/wp\/v2\/pages\/469\/revisions\/475"}],"wp:attachment":[{"href":"https:\/\/www.snipnotes.de\/de\/wp-json\/wp\/v2\/media?parent=469"}],"curies":[{"name":"wp","href":"https:\/\/api.w.org\/{rel}","templated":true}]}}