{"id":510,"date":"2016-02-09T17:29:02","date_gmt":"2016-02-09T16:29:02","guid":{"rendered":"https:\/\/www.snipnotes.de\/de\/?page_id=510"},"modified":"2023-04-20T15:25:43","modified_gmt":"2023-04-20T13:25:43","slug":"beta","status":"publish","type":"page","link":"https:\/\/www.snipnotes.de\/de\/beta\/","title":{"rendered":"Beta"},"content":{"rendered":"<p>Vielen Dank f\u00fcr Ihr Interesse, SnipNotes zu testen! Bitte f\u00fcllen Sie dieses kurze Formular aus und ich schicke Ihnen kurz daraufhin eine <a href=\"https:\/\/developer.apple.com\/testflight\/\" target=\"_blank\" rel=\"noopener\">TestFlight<\/a> Einladung f\u00fcr die iOS Version. Wenn Sie auch Interesse an der Mac Version haben, setzen Sie unten den entsprechenden Haken.&nbsp;Nach Erhalt der Einladung haben Sie die M\u00f6glichkeit, neue SnipNotes Updates noch vor ihrer&nbsp;Ver\u00f6ffentlichung auszuprobieren und mir Ihr Feedback zu senden.<\/p>\n<p><!-- Zurzeit ist keine iOS Beta aktiv. Sie k\u00f6nnen sich trotzdem anmelden und ich schicke Ihnen eine Einladung, sobald eine neue Version zum Testen verf\u00fcgbar ist. --><\/p>\n\n<div class=\"wpcf7 no-js\" id=\"wpcf7-f509-o1\" lang=\"de-DE\" dir=\"ltr\" data-wpcf7-id=\"509\">\n<div class=\"screen-reader-response\"><p role=\"status\" aria-live=\"polite\" aria-atomic=\"true\"><\/p> <ul><\/ul><\/div>\n<form action=\"\/de\/wp-json\/wp\/v2\/pages\/510#wpcf7-f509-o1\" method=\"post\" class=\"wpcf7-form init\" aria-label=\"Kontaktformular\" novalidate=\"novalidate\" data-status=\"init\">\n<fieldset class=\"hidden-fields-container\"><input type=\"hidden\" name=\"_wpcf7\" value=\"509\" \/><input type=\"hidden\" name=\"_wpcf7_version\" value=\"6.1.5\" \/><input type=\"hidden\" name=\"_wpcf7_locale\" value=\"de_DE\" \/><input type=\"hidden\" name=\"_wpcf7_unit_tag\" value=\"wpcf7-f509-o1\" \/><input type=\"hidden\" name=\"_wpcf7_container_post\" value=\"0\" \/><input type=\"hidden\" name=\"_wpcf7_posted_data_hash\" value=\"\" \/><input type=\"hidden\" name=\"_wpcf7cf_hidden_group_fields\" value=\"[]\" \/><input type=\"hidden\" name=\"_wpcf7cf_hidden_groups\" value=\"[]\" \/><input type=\"hidden\" name=\"_wpcf7cf_visible_groups\" value=\"[]\" \/><input type=\"hidden\" name=\"_wpcf7cf_repeaters\" value=\"[]\" \/><input type=\"hidden\" name=\"_wpcf7cf_steps\" value=\"{}\" \/><input type=\"hidden\" name=\"_wpcf7cf_options\" value=\"{&quot;form_id&quot;:509,&quot;conditions&quot;:[],&quot;settings&quot;:{&quot;animation&quot;:&quot;yes&quot;,&quot;animation_intime&quot;:200,&quot;animation_outtime&quot;:200,&quot;conditions_ui&quot;:&quot;normal&quot;,&quot;notice_dismissed&quot;:false,&quot;notice_dismissed_rollback-cf7-5.8.5&quot;:true,&quot;notice_dismissed_rollback-cf7-5.8.6&quot;:true,&quot;notice_dismissed_rollback-cf7-5.8.7&quot;:true,&quot;notice_dismissed_rollback-cf7-5.9.2&quot;:true,&quot;notice_dismissed_rollback-cf7-5.9.3&quot;:true}}\" \/>\n<\/fieldset>\n<style type=\"text\/css\">\nspan.wpcf7-list-item { display: block; }\n<\/style>\n<p><b>Ihre E-Mail-Adresse (Pflichtfeld)<\/b>\n<\/p>\n<p><span class=\"wpcf7-form-control-wrap\" data-name=\"your-email\"><input size=\"40\" maxlength=\"400\" class=\"wpcf7-form-control wpcf7-email wpcf7-validates-as-required wpcf7-text wpcf7-validates-as-email\" aria-required=\"true\" aria-invalid=\"false\" value=\"\" type=\"email\" name=\"your-email\" \/><\/span>\n<\/p>\n<p><b>Auf welchen Ger\u00e4ten k\u00f6nnen Sie testen? (bitte ausw\u00e4hlen)<\/b>\n<\/p>\n<p><span class=\"wpcf7-form-control-wrap\" data-name=\"platforms\"><span class=\"wpcf7-form-control wpcf7-checkbox wpcf7-validates-as-required\"><span class=\"wpcf7-list-item first\"><input type=\"checkbox\" name=\"platforms[]\" value=\"iPhone, iPad, iPod touch (iOS 17 oder neuer)\" \/><span class=\"wpcf7-list-item-label\">iPhone, iPad, iPod touch (iOS 17 oder neuer)<\/span><\/span><span class=\"wpcf7-list-item\"><input type=\"checkbox\" name=\"platforms[]\" value=\"Apple Watch (watchOS 10 oder neuer)\" \/><span class=\"wpcf7-list-item-label\">Apple Watch (watchOS 10 oder neuer)<\/span><\/span><span class=\"wpcf7-list-item last\"><input type=\"checkbox\" name=\"platforms[]\" value=\"Mac (macOS 14 Sonoma oder neuer)\" \/><span class=\"wpcf7-list-item-label\">Mac (macOS 14 Sonoma oder neuer)<\/span><\/span><\/span><\/span>\n<\/p>\n<p><b>Ihre Nachricht (optional)<\/b>\n<\/p>\n<p><span class=\"wpcf7-form-control-wrap\" data-name=\"your-message\"><textarea cols=\"40\" rows=\"10\" maxlength=\"2000\" class=\"wpcf7-form-control wpcf7-textarea\" aria-invalid=\"false\" name=\"your-message\"><\/textarea><\/span>\n<\/p>\n<p><!-- Mailchimp for WordPress v4.12.1 - https:\/\/www.mc4wp.com\/ --><input type=\"hidden\" name=\"_mc4wp_subscribe_contact-form-7\" value=\"0\" \/><span class=\"mc4wp-checkbox mc4wp-checkbox-contact-form-7 \"><label><input type=\"checkbox\" name=\"_mc4wp_subscribe_contact-form-7\" value=\"1\" ><span>M\u00f6chten Sie den kostenlosen Newsletter abonnieren?<\/span><\/label><\/span><!-- \/ Mailchimp for WordPress -->\n<\/p>\n<p><span class=\"wpcf7-form-control-wrap\" data-name=\"email-consent\"><span class=\"wpcf7-form-control wpcf7-checkbox wpcf7-validates-as-required\"><span class=\"wpcf7-list-item first last\"><input type=\"checkbox\" name=\"email-consent[]\" value=\"Ich stimme zu, dass meine E-Mail-Adresse verwendet werden darf, um mir Benachrichtigungen \u00fcber neue Beta-Versionen zu senden. Wenn ich mich f\u00fcr den Newsletter anmelde, erhalte ich dar\u00fcber hinaus gelegentlich Neuigkeiten zum Produkt. Meine E-Mail-Adresse wird f\u00fcr keine anderen Zwecke verwendet und wird niemals mit Dritten geteilt.\" \/><span class=\"wpcf7-list-item-label\">Ich stimme zu, dass meine E-Mail-Adresse verwendet werden darf, um mir Benachrichtigungen \u00fcber neue Beta-Versionen zu senden. Wenn ich mich f\u00fcr den Newsletter anmelde, erhalte ich dar\u00fcber hinaus gelegentlich Neuigkeiten zum Produkt. Meine E-Mail-Adresse wird f\u00fcr keine anderen Zwecke verwendet und wird niemals mit Dritten geteilt.<\/span><\/span><\/span><\/span>\n<\/p>\n<p><input class=\"wpcf7-form-control wpcf7-submit has-spinner\" type=\"submit\" value=\"Senden\" \/>\n<\/p><input\n                    class=\"apbct_special_field apbct_email_id__wp_contact_form_7\"\n                    name=\"apbct__email_id__wp_contact_form_7\"\n                    aria-label=\"apbct__label_id__wp_contact_form_7\"\n                    type=\"text\" size=\"30\" maxlength=\"200\" autocomplete=\"off\"\n                    value=\"\"\n                \/><div class=\"wpcf7-response-output\" aria-hidden=\"true\"><\/div>\n<\/form>\n<\/div>\n\n","protected":false},"excerpt":{"rendered":"<p>Vielen Dank f\u00fcr Ihr Interesse, SnipNotes zu testen! Bitte f\u00fcllen Sie dieses kurze Formular aus und ich schicke Ihnen kurz daraufhin eine TestFlight Einladung f\u00fcr die iOS Version. Wenn Sie auch Interesse an der Mac Version haben, setzen Sie unten den entsprechenden Haken.&nbsp;Nach Erhalt der Einladung haben Sie die M\u00f6glichkeit, neue SnipNotes Updates noch vor [&hellip;]<\/p>\n","protected":false},"author":1,"featured_media":0,"parent":0,"menu_order":0,"comment_status":"closed","ping_status":"closed","template":"","meta":{"site-sidebar-layout":"default","site-content-layout":"","ast-site-content-layout":"default","site-content-style":"default","site-sidebar-style":"default","ast-global-header-display":"","ast-banner-title-visibility":"","ast-main-header-display":"","ast-hfb-above-header-display":"","ast-hfb-below-header-display":"","ast-hfb-mobile-header-display":"","site-post-title":"","ast-breadcrumbs-content":"","ast-featured-img":"","footer-sml-layout":"","ast-disable-related-posts":"","theme-transparent-header-meta":"","adv-header-id-meta":"","stick-header-meta":"","header-above-stick-meta":"","header-main-stick-meta":"","header-below-stick-meta":"","astra-migrate-meta-layouts":"default","ast-page-background-enabled":"default","ast-page-background-meta":{"desktop":{"background-color":"","background-image":"","background-repeat":"repeat","background-position":"center center","background-size":"auto","background-attachment":"scroll","background-type":"","background-media":"","overlay-type":"","overlay-color":"","overlay-opacity":"","overlay-gradient":""},"tablet":{"background-color":"","background-image":"","background-repeat":"repeat","background-position":"center center","background-size":"auto","background-attachment":"scroll","background-type":"","background-media":"","overlay-type":"","overlay-color":"","overlay-opacity":"","overlay-gradient":""},"mobile":{"background-color":"","background-image":"","background-repeat":"repeat","background-position":"center center","background-size":"auto","background-attachment":"scroll","background-type":"","background-media":"","overlay-type":"","overlay-color":"","overlay-opacity":"","overlay-gradient":""}},"ast-content-background-meta":{"desktop":{"background-color":"var(--ast-global-color-5)","background-image":"","background-repeat":"repeat","background-position":"center center","background-size":"auto","background-attachment":"scroll","background-type":"","background-media":"","overlay-type":"","overlay-color":"","overlay-opacity":"","overlay-gradient":""},"tablet":{"background-color":"var(--ast-global-color-5)","background-image":"","background-repeat":"repeat","background-position":"center center","background-size":"auto","background-attachment":"scroll","background-type":"","background-media":"","overlay-type":"","overlay-color":"","overlay-opacity":"","overlay-gradient":""},"mobile":{"background-color":"var(--ast-global-color-5)","background-image":"","background-repeat":"repeat","background-position":"center center","background-size":"auto","background-attachment":"scroll","background-type":"","background-media":"","overlay-type":"","overlay-color":"","overlay-opacity":"","overlay-gradient":""}},"footnotes":""},"class_list":["post-510","page","type-page","status-publish","hentry"],"_links":{"self":[{"href":"https:\/\/www.snipnotes.de\/de\/wp-json\/wp\/v2\/pages\/510","targetHints":{"allow":["GET"]}}],"collection":[{"href":"https:\/\/www.snipnotes.de\/de\/wp-json\/wp\/v2\/pages"}],"about":[{"href":"https:\/\/www.snipnotes.de\/de\/wp-json\/wp\/v2\/types\/page"}],"author":[{"embeddable":true,"href":"https:\/\/www.snipnotes.de\/de\/wp-json\/wp\/v2\/users\/1"}],"replies":[{"embeddable":true,"href":"https:\/\/www.snipnotes.de\/de\/wp-json\/wp\/v2\/comments?post=510"}],"version-history":[{"count":23,"href":"https:\/\/www.snipnotes.de\/de\/wp-json\/wp\/v2\/pages\/510\/revisions"}],"predecessor-version":[{"id":3519,"href":"https:\/\/www.snipnotes.de\/de\/wp-json\/wp\/v2\/pages\/510\/revisions\/3519"}],"wp:attachment":[{"href":"https:\/\/www.snipnotes.de\/de\/wp-json\/wp\/v2\/media?parent=510"}],"curies":[{"name":"wp","href":"https:\/\/api.w.org\/{rel}","templated":true}]}}