{"id":593,"date":"2016-05-06T17:39:25","date_gmt":"2016-05-06T15:39:25","guid":{"rendered":"https:\/\/www.snipnotes.de\/de\/?page_id=593"},"modified":"2017-03-06T11:47:00","modified_gmt":"2017-03-06T10:47:00","slug":"pressemappe","status":"publish","type":"page","link":"https:\/\/www.snipnotes.de\/de\/pressemappe\/","title":{"rendered":"Pressemappe"},"content":{"rendered":"<p>Die Pressemappe kann auch als ZIP-Datei <a href=\"http:\/\/www.snipnotes.de\/files\/presskit_de.zip\">heruntergeladen<\/a> werden.<\/p>\n<h4>Was ist SnipNotes?<\/h4>\n<details class=\"wp-block-inline-spoilers-block\"><summary>Zum Ausklappen klicken<\/summary><br \/>\nSnipNotes f\u00fcr iOS kombiniert einen hochgradig konfigurierbaren Zwischenablage-Manager mit einer intelligenten Notiz-App. Nutzer k\u00f6nnen schnell Inhalte aus ihrer Zwischenablage, Text und Bilder von Websites, Adressen aus dem Kartenprogramm und vieles mehr abspeichern. SnipNotes kategorisiert Notizen automatisch basierend auf ihrem Inhalt und bietet f\u00fcr jeden Inhaltstyp eine Reihe von Aktionen an. Wenn der Nutzer bspw. eine Telefonnummer speichert, kann er diese anrufen oder eine SMS schicken. Wenn er eine Adresse speichert, kann er diese im Kartenprogramm betrachten. SnipNotes integriert sich in die Mitteilungszentrale auf iPhone und iPad, sodass Nutzer von jedem Ort Inhalte speichern und Aktionen nutzen k\u00f6nnen, ohne vorher die App \u00f6ffnen zu m\u00fcssen.<br \/>\n<\/details>\n<h4>App Beschreibung<\/h4>\n<p><details class=\"wp-block-inline-spoilers-block\"><summary>Zum Ausklappen klicken<\/summary><br \/>\nMit SnipNotes haben Sie Ihr Notizbuch immer zur Hand. Speichern Sie schnell neue Notizen aus jeder App heraus und greifen Sie mit dem Widget f\u00fcr die Mitteilungszentrale jederzeit auf sie zu. Diktieren Sie neue Notizen direkt vom Homescreen mit 3D Touch. Behalten Sie den \u00dcberblick mit Kategorien, Filtern und einer Suchfunktion. Greifen Sie von jedem Ger\u00e4t auf Ihre Notizen zu dank der iCloud Synchronisation und einer App f\u00fcr Apple Watch. Ihre Notizen bleiben auch offline verf\u00fcgbar.\n<p>SnipNotes gibt Ihnen viele M\u00f6glichkeiten beim Erstellen von Notizen: Sie k\u00f6nnen Ihren eigenen Text eingeben, Bilder speichern, Notizen diktieren, die Inhalte Ihrer Zwischenablage sichern und sogar Ihren aktuellen Standort merken. Die meisten Funktionen sind auch im Widget f\u00fcr die Mitteilungszentrale verf\u00fcgbar, welches Sie von \u00fcberall nutzen k\u00f6nnen, ohne die aktuell ge\u00f6ffnete App zu verlassen. Sie k\u00f6nnen auch Notizen auf der Apple Watch und mit dem Teilen-Men\u00fc in den meisten Apps erstellen.<\/p>\n<p>SnipNotes erkennt automatisch den Inhalt Ihrer Notizen und biete intelligente Aktionen an: Wenn Sie eine Telefonnummer speichern, k\u00f6nnen Sie sie direkt aus der Mitteilungszentrale oder mit der Apple Watch anrufen. Sie k\u00f6nnen Adressen in Maps \u00f6ffnen, E-Mails schreiben, Websites \u00f6ffnen und vieles mehr. Aktionen k\u00f6nnen angepasst werden und bieten Integrationen f\u00fcr Apps von Drittanbietern.<\/p>\n<p>Mit SnipNotes ist das Organisieren Ihrer Notizen kinderleicht. Neue Notizen werden im Eingang gespeichert, bis Sie sie einer eigenen Kategorie zuweisen. Jeder Notiz k\u00f6nnen Sie einen Titel zur schnellen Wiedererkennung hinzuf\u00fcgen. Sie k\u00f6nnen Ihre Notizen durchsuchen sowie nach Erstellungsdatum oder Inhaltstyp filtern. Ein eingebauter Papierkorb beh\u00e4lt Ihre gel\u00f6schten Notizen.<\/p>\n<p>SnipNotes ist eine individuell anpassbare Notiz-App: Aktivieren Sie neue Aktionen oder deaktivieren Sie Bestehende. Sch\u00fctzen Sie Ihre Notizen mit Touch ID. Speichern Sie beim Start automatisch den Inhalt Ihrer Zwischenablage. Es sind mehr als ein Dutzend Einstellungen verf\u00fcgbar.<\/p>\n<p>SnipNotes ist eine Premium-App ohne Werbebanner oder Zusatzk\u00e4ufe. Die Synchronisierung Ihrer Notizen erfolgt \u00fcber Ihren privaten iCloud-Account.<\/p>\n<p>Weitere Informationen finden Sie online auf www.snipnotes.de. SnipNotes gibt es auch auf Twitter (twitter.com\/SnipNotesApp\\_DE).<br \/>\n<span style=\"font-size: 1rem;\"><\/span><\/p><\/details><\/span><\/p>\n<h4>Was ist neu<\/h4>\n<details class=\"wp-block-inline-spoilers-block\"><summary>Zum Ausklappen klicken<\/summary><br \/>\nMit diesem Update werden Kategorien viel n\u00fctzlicher. Daneben gibt es eine neue App f\u00fcr Apple Watch (siehe unten):\n<p>\u2022 SnipNotes bietet nun einen Posteingang, der all Ihre neuen Notizen speichert, bis Sie sie einer Kategorie zuweisen<br \/>\n\u2022 Sie k\u00f6nnen nun auch im Widget zwischen Kategorien wechseln. Die aktive Kategorie wird automatisch mit der Haupt-App synchronisiert<br \/>\n\u2022 Die App merkt sich beim Beenden die ausgew\u00e4hlte Kategorie und zeigt diese beim n\u00e4chsten Start wieder an<br \/>\n\u2022 Jede Kategorie zeigt nun die Anzahl der enthaltenen Notizen an<br \/>\n\u2022 Sie k\u00f6nnen mehrere Notizen ausw\u00e4hlen und folgende Aktionen ausf\u00fchren: Einer Kategorie zuweisen, Zusammenf\u00fchren, Teilen und L\u00f6schen<br \/>\n\u2022 Tippen Sie auf Bilder, um die neue Vollbild-Vorschau anzuzeigen<br \/>\n\u2022 Sie k\u00f6nnen L\u00f6schvorg\u00e4nge und Zusammenf\u00fchren-Operationen durch Sch\u00fctteln des Ger\u00e4ts r\u00fcckg\u00e4ngig machen<br \/>\n\u2022 Die iCloud Synchronization aktualisiert Ihre Notizen jetzt automatisch, wenn Sie \u00c4nderungen auf einem anderen Ger\u00e4t vornehmen. Das funktioniert sogar w\u00e4hrend SnipNotes im Hintergrund l\u00e4uft<\/p>\n<p>Dar\u00fcber hinaus wurde die Apple Watch App \u00fcberarbeitet und bietet mehrere neue Funktionen:<\/p>\n<p>\u2022 Sie k\u00f6nnen einzelne Kategorien mit Ihrer Apple Watch synchronisieren. Bearbeiten Sie eine Kategorie auf Ihrem iPhone und benutzen Sie den neuen Schalter, um die Synchronisation zu aktivieren<br \/>\n\u2022 \u00d6ffnen Sie eine Notiz und dr\u00fccken Sie fest auf den Bildschirm, um Text anzuf\u00fcgen oder zu ersetzen<br \/>\n\u2022 Sie k\u00f6nnen mit einer Swipe-Geste zwischen den Notizen innerhalb einer Kategorie wechseln<br \/>\n\u2022 Bilder k\u00f6nnen jetzt im Vollbild betrachtet werden<br \/>\n<\/p><\/details>\n<h4><\/h4>\n<h4>Screenshots<\/h4>\n<p>Weitere Bilder sind in der <a href=\"http:\/\/www.snipnotes.de\/files\/presskit_de.zip\">ZIP-Datei<\/a> enthalten.<\/p>\n<details class=\"wp-block-inline-spoilers-block\"><summary>Zum Ausklappen klicken<\/summary><br \/>\n<a href=\"https:\/\/www.snipnotes.de\/de\/wp-content\/uploads\/2017\/03\/Teaser.png\"><img decoding=\"async\" class=\"alignnone wp-image-863 size-full lazyload\" data-src=\"https:\/\/www.snipnotes.de\/de\/wp-content\/uploads\/2017\/03\/Teaser.png\" width=\"1386\" height=\"822\" data-srcset=\"https:\/\/www.snipnotes.de\/de\/wp-content\/uploads\/2017\/03\/Teaser.png 1386w, https:\/\/www.snipnotes.de\/de\/wp-content\/uploads\/2017\/03\/Teaser-450x267.png 450w, https:\/\/www.snipnotes.de\/de\/wp-content\/uploads\/2017\/03\/Teaser-1024x607.png 1024w, https:\/\/www.snipnotes.de\/de\/wp-content\/uploads\/2017\/03\/Teaser-624x370.png 624w\" data-sizes=\"(max-width: 1386px) 100vw, 1386px\" src=\"data:image\/svg+xml;base64,PHN2ZyB3aWR0aD0iMSIgaGVpZ2h0PSIxIiB4bWxucz0iaHR0cDovL3d3dy53My5vcmcvMjAwMC9zdmciPjwvc3ZnPg==\" style=\"--smush-placeholder-width: 1386px; --smush-placeholder-aspect-ratio: 1386\/822;\" \/><\/a>\n<p><a href=\"https:\/\/www.snipnotes.de\/de\/wp-content\/uploads\/2017\/03\/iPhone6-03_MapView.png\"><img decoding=\"async\" class=\"alignnone wp-image-864 size-medium lazyload\" data-src=\"https:\/\/www.snipnotes.de\/de\/wp-content\/uploads\/2017\/03\/iPhone6-03_MapView-253x450.png\" width=\"253\" height=\"450\" data-srcset=\"https:\/\/www.snipnotes.de\/de\/wp-content\/uploads\/2017\/03\/iPhone6-03_MapView-253x450.png 253w, https:\/\/www.snipnotes.de\/de\/wp-content\/uploads\/2017\/03\/iPhone6-03_MapView-576x1024.png 576w, https:\/\/www.snipnotes.de\/de\/wp-content\/uploads\/2017\/03\/iPhone6-03_MapView-624x1110.png 624w, https:\/\/www.snipnotes.de\/de\/wp-content\/uploads\/2017\/03\/iPhone6-03_MapView.png 750w\" data-sizes=\"(max-width: 253px) 100vw, 253px\" src=\"data:image\/svg+xml;base64,PHN2ZyB3aWR0aD0iMSIgaGVpZ2h0PSIxIiB4bWxucz0iaHR0cDovL3d3dy53My5vcmcvMjAwMC9zdmciPjwvc3ZnPg==\" style=\"--smush-placeholder-width: 253px; --smush-placeholder-aspect-ratio: 253\/450;\" \/><\/a><a href=\"https:\/\/www.snipnotes.de\/de\/wp-content\/uploads\/2016\/05\/iPhone6-02_WidgetView-1.png\"><img decoding=\"async\" class=\"alignnone wp-image-868 size-medium lazyload\" data-src=\"https:\/\/www.snipnotes.de\/de\/wp-content\/uploads\/2016\/05\/iPhone6-02_WidgetView-1-253x450.png\" width=\"253\" height=\"450\" data-srcset=\"https:\/\/www.snipnotes.de\/de\/wp-content\/uploads\/2016\/05\/iPhone6-02_WidgetView-1-253x450.png 253w, https:\/\/www.snipnotes.de\/de\/wp-content\/uploads\/2016\/05\/iPhone6-02_WidgetView-1-576x1024.png 576w, https:\/\/www.snipnotes.de\/de\/wp-content\/uploads\/2016\/05\/iPhone6-02_WidgetView-1-624x1110.png 624w, https:\/\/www.snipnotes.de\/de\/wp-content\/uploads\/2016\/05\/iPhone6-02_WidgetView-1.png 750w\" data-sizes=\"(max-width: 253px) 100vw, 253px\" src=\"data:image\/svg+xml;base64,PHN2ZyB3aWR0aD0iMSIgaGVpZ2h0PSIxIiB4bWxucz0iaHR0cDovL3d3dy53My5vcmcvMjAwMC9zdmciPjwvc3ZnPg==\" style=\"--smush-placeholder-width: 253px; --smush-placeholder-aspect-ratio: 253\/450;\" \/><\/a><\/p>\n<p><a href=\"https:\/\/www.snipnotes.de\/de\/wp-content\/uploads\/2017\/03\/Watch-01_MainMenu.png\"><img decoding=\"async\" class=\"alignnone wp-image-865 lazyload\" data-src=\"https:\/\/www.snipnotes.de\/de\/wp-content\/uploads\/2017\/03\/Watch-01_MainMenu.png\" width=\"150\" height=\"188\" src=\"data:image\/svg+xml;base64,PHN2ZyB3aWR0aD0iMSIgaGVpZ2h0PSIxIiB4bWxucz0iaHR0cDovL3d3dy53My5vcmcvMjAwMC9zdmciPjwvc3ZnPg==\" style=\"--smush-placeholder-width: 150px; --smush-placeholder-aspect-ratio: 150\/188;\" \/><\/a><a href=\"https:\/\/www.snipnotes.de\/de\/wp-content\/uploads\/2017\/03\/Watch-02_ListView.png\"><img decoding=\"async\" class=\"alignnone wp-image-866 lazyload\" data-src=\"https:\/\/www.snipnotes.de\/de\/wp-content\/uploads\/2017\/03\/Watch-02_ListView.png\" width=\"150\" height=\"188\" src=\"data:image\/svg+xml;base64,PHN2ZyB3aWR0aD0iMSIgaGVpZ2h0PSIxIiB4bWxucz0iaHR0cDovL3d3dy53My5vcmcvMjAwMC9zdmciPjwvc3ZnPg==\" style=\"--smush-placeholder-width: 150px; --smush-placeholder-aspect-ratio: 150\/188;\" \/><\/a><a href=\"https:\/\/www.snipnotes.de\/de\/wp-content\/uploads\/2017\/03\/Watch-03_ImageView.png\"><img decoding=\"async\" class=\"alignnone wp-image-867 lazyload\" data-src=\"https:\/\/www.snipnotes.de\/de\/wp-content\/uploads\/2017\/03\/Watch-03_ImageView.png\" width=\"150\" height=\"188\" src=\"data:image\/svg+xml;base64,PHN2ZyB3aWR0aD0iMSIgaGVpZ2h0PSIxIiB4bWxucz0iaHR0cDovL3d3dy53My5vcmcvMjAwMC9zdmciPjwvc3ZnPg==\" style=\"--smush-placeholder-width: 150px; --smush-placeholder-aspect-ratio: 150\/188;\" \/><\/a><\/p><\/details>\n<h4>App Icon<\/h4>\n<details class=\"wp-block-inline-spoilers-block\"><summary>Zum Ausklappen klicken<\/summary><br \/>\n<a href=\"https:\/\/www.snipnotes.de\/de\/wp-content\/uploads\/2016\/05\/AppIcon.png\"><img decoding=\"async\" class=\"alignnone size-thumbnail wp-image-620 lazyload\" data-src=\"https:\/\/www.snipnotes.de\/de\/wp-content\/uploads\/2016\/05\/AppIcon-150x150.png\" alt=\"AppIcon\" width=\"150\" height=\"150\" data-srcset=\"https:\/\/www.snipnotes.de\/de\/wp-content\/uploads\/2016\/05\/AppIcon-150x150.png 150w, https:\/\/www.snipnotes.de\/de\/wp-content\/uploads\/2016\/05\/AppIcon-450x450.png 450w, https:\/\/www.snipnotes.de\/de\/wp-content\/uploads\/2016\/05\/AppIcon-624x624.png 624w, https:\/\/www.snipnotes.de\/de\/wp-content\/uploads\/2016\/05\/AppIcon-50x50.png 50w, https:\/\/www.snipnotes.de\/de\/wp-content\/uploads\/2016\/05\/AppIcon.png 1024w\" data-sizes=\"(max-width: 150px) 100vw, 150px\" src=\"data:image\/svg+xml;base64,PHN2ZyB3aWR0aD0iMSIgaGVpZ2h0PSIxIiB4bWxucz0iaHR0cDovL3d3dy53My5vcmcvMjAwMC9zdmciPjwvc3ZnPg==\" style=\"--smush-placeholder-width: 150px; --smush-placeholder-aspect-ratio: 150\/150;\" \/><br \/>\n<\/a><\/details>\n<h4>Metadaten<\/h4>\n<p><details class=\"wp-block-inline-spoilers-block\"><summary>Zum Ausklappen klicken<\/summary><br \/>\nApp-Titel: SnipNotes &#8211; Notizen \u00fcberall erstellen und nutzen<br \/>\nVer\u00f6ffentlichungsdatum: 26.02.2015<br \/>\nPlattformen: iPhone, iPad, iPod Touch, Apple Watch<br \/>\nPreis: 2,99\u20ac<br \/>\nVoraussetzungen: iOS 10.0 oder neuer, watchOS 3.0 oder neuer<br \/>\nDownloadgr\u00f6\u00dfe: 36 MB\n<p>&nbsp;<\/p>\n<p>Homepage: https:\/\/www.snipnotes.de\/<br \/>\nApp Store: https:\/\/itunes.apple.com\/de\/app\/snipnotes\/id967594709<br \/>\nGutscheincode: http:\/\/redeemco.com\/r\/snipnotes\/<br \/>\nTwitter: http:\/\/www.twitter.com\/SnipNotesApp_DE<\/p>\n<p>Kontakt via E-Mail: press@snipnotes.de<br \/>\nKontakt auf Twitter: https:\/\/twitter.com\/felix_lisczyk<br \/>\n<span style=\"font-size: 1rem;\"><\/span><\/p><\/details><\/span><\/p>\n","protected":false},"excerpt":{"rendered":"<p>Die Pressemappe kann auch als ZIP-Datei heruntergeladen werden. Was ist SnipNotes? App Beschreibung Was ist neu Screenshots Weitere Bilder sind in der ZIP-Datei enthalten. App Icon Metadaten<\/p>\n","protected":false},"author":1,"featured_media":0,"parent":0,"menu_order":0,"comment_status":"closed","ping_status":"closed","template":"","meta":{"site-sidebar-layout":"default","site-content-layout":"","ast-site-content-layout":"default","site-content-style":"default","site-sidebar-style":"default","ast-global-header-display":"","ast-banner-title-visibility":"","ast-main-header-display":"","ast-hfb-above-header-display":"","ast-hfb-below-header-display":"","ast-hfb-mobile-header-display":"","site-post-title":"","ast-breadcrumbs-content":"","ast-featured-img":"","footer-sml-layout":"","ast-disable-related-posts":"","theme-transparent-header-meta":"","adv-header-id-meta":"","stick-header-meta":"","header-above-stick-meta":"","header-main-stick-meta":"","header-below-stick-meta":"","astra-migrate-meta-layouts":"default","ast-page-background-enabled":"default","ast-page-background-meta":{"desktop":{"background-color":"","background-image":"","background-repeat":"repeat","background-position":"center center","background-size":"auto","background-attachment":"scroll","background-type":"","background-media":"","overlay-type":"","overlay-color":"","overlay-opacity":"","overlay-gradient":""},"tablet":{"background-color":"","background-image":"","background-repeat":"repeat","background-position":"center center","background-size":"auto","background-attachment":"scroll","background-type":"","background-media":"","overlay-type":"","overlay-color":"","overlay-opacity":"","overlay-gradient":""},"mobile":{"background-color":"","background-image":"","background-repeat":"repeat","background-position":"center center","background-size":"auto","background-attachment":"scroll","background-type":"","background-media":"","overlay-type":"","overlay-color":"","overlay-opacity":"","overlay-gradient":""}},"ast-content-background-meta":{"desktop":{"background-color":"var(--ast-global-color-5)","background-image":"","background-repeat":"repeat","background-position":"center center","background-size":"auto","background-attachment":"scroll","background-type":"","background-media":"","overlay-type":"","overlay-color":"","overlay-opacity":"","overlay-gradient":""},"tablet":{"background-color":"var(--ast-global-color-5)","background-image":"","background-repeat":"repeat","background-position":"center center","background-size":"auto","background-attachment":"scroll","background-type":"","background-media":"","overlay-type":"","overlay-color":"","overlay-opacity":"","overlay-gradient":""},"mobile":{"background-color":"var(--ast-global-color-5)","background-image":"","background-repeat":"repeat","background-position":"center center","background-size":"auto","background-attachment":"scroll","background-type":"","background-media":"","overlay-type":"","overlay-color":"","overlay-opacity":"","overlay-gradient":""}},"footnotes":""},"class_list":["post-593","page","type-page","status-publish","hentry"],"_links":{"self":[{"href":"https:\/\/www.snipnotes.de\/de\/wp-json\/wp\/v2\/pages\/593","targetHints":{"allow":["GET"]}}],"collection":[{"href":"https:\/\/www.snipnotes.de\/de\/wp-json\/wp\/v2\/pages"}],"about":[{"href":"https:\/\/www.snipnotes.de\/de\/wp-json\/wp\/v2\/types\/page"}],"author":[{"embeddable":true,"href":"https:\/\/www.snipnotes.de\/de\/wp-json\/wp\/v2\/users\/1"}],"replies":[{"embeddable":true,"href":"https:\/\/www.snipnotes.de\/de\/wp-json\/wp\/v2\/comments?post=593"}],"version-history":[{"count":25,"href":"https:\/\/www.snipnotes.de\/de\/wp-json\/wp\/v2\/pages\/593\/revisions"}],"predecessor-version":[{"id":871,"href":"https:\/\/www.snipnotes.de\/de\/wp-json\/wp\/v2\/pages\/593\/revisions\/871"}],"wp:attachment":[{"href":"https:\/\/www.snipnotes.de\/de\/wp-json\/wp\/v2\/media?parent=593"}],"curies":[{"name":"wp","href":"https:\/\/api.w.org\/{rel}","templated":true}]}}