{"id":625,"date":"2016-05-11T17:08:21","date_gmt":"2016-05-11T15:08:21","guid":{"rendered":"https:\/\/www.snipnotes.de\/de\/?page_id=625"},"modified":"2018-10-24T17:11:04","modified_gmt":"2018-10-24T15:11:04","slug":"url-schema","status":"publish","type":"page","link":"https:\/\/www.snipnotes.de\/de\/url-schema\/","title":{"rendered":"URL Schema"},"content":{"rendered":"<p>Ab SnipNotes f\u00fcr iOS 2.0 und SnipNotes f\u00fcr macOS 1.1 k\u00f6nnen Sie die folgenden URL Schema-Methoden nutzen, um Verkn\u00fcpfungen zu erstellen und SnipNotes in Automatisierungs-Apps wie <a href=\"https:\/\/itunes.apple.com\/de\/app\/shortcuts\/id915249334?mt=8\" target=\"_blank\" rel=\"noopener\">Kurzbefehle<\/a> und <a href=\"https:\/\/itunes.apple.com\/de\/app\/launch-center-pro\/id532016360?mt=8\" target=\"_blank\" rel=\"noopener\">Launch Center Pro<\/a> zu integrieren.<\/p>\n<h2>Neue Notizen erstellen<\/h2>\n<h4>SnipNotes:\/\/save?c={Inhalt}&amp;t={Titel}&amp;f={Favoritstatus}&amp;cn={Kategorie-Name}<\/h4>\n<p>Speichert <em>{Inhalt}<\/em> als neue Notiz ab. Sie k\u00f6nnen einen <em>{Titel}<\/em> sowie einen <em>{Kategorie-Name}<\/em> angeben und den <em>{Favoritstatus}<\/em> auf &#8222;true&#8220; oder &#8222;false&#8220; setzen. <em>{Inhalt}<\/em> ist erforderlich, <em>{Titel}<\/em>, <em>{Favoritstatus}<\/em> und <em>{Kategorie-Name}<\/em> sind optional. Der <em>{Kategorie-Name}<\/em> wird erst ab SnipNotes 2.6.4 (iOS) bzw. SnipNotes 1.2.4 (macOS) unterst\u00fctzt.<\/p>\n<hr \/>\n<h2>Notizen aus der Zwischenablage erstellen<\/h2>\n<h4>SnipNotes:\/\/saveClipboard?cn={Kategorie-Name}<\/h4>\n<p>Speichert den aktuellen Inhalt Ihrer Zwischenablage als neue Notiz ab. Optional k\u00f6nnen Sie einen <em>{Kategorie-Name}<\/em> angeben. Der <em>{Kategorie-Name}<\/em> wird erst ab SnipNotes 2.6.4 (iOS) bzw. SnipNotes 1.2.4 (macOS) unterst\u00fctzt.<\/p>\n<hr \/>\n<h2>Notizen durchsuchen<\/h2>\n<h4>SnipNotes:\/\/search?q={Suchbegriff}<\/h4>\n<p>Durchsucht alle Notizen nach <em>{Suchbegriff}<\/em> und \u00f6ffnet den ersten Treffer. Es werden sowohl der Titel als auch der Inhalt durchsucht.<\/p>\n<hr \/>\n<h2>Notizen \u00f6ffnen<\/h2>\n<h4>SnipNotes:\/\/show?i={Index}<\/h4>\n<p>\u00d6ffnet die Notiz an <em>{Index}<\/em> in der aktuellen Kategorie. Der <em>{Index}<\/em> z\u00e4hlt in der Liste von oben nach unten und beginnt bei 0.<\/p>\n<hr \/>\n<p>Vermissen Sie etwas? <a href=\"https:\/\/www.snipnotes.de\/de\/support\/\">Lassen Sie es mich bitte wissen<\/a>!<\/p>\n","protected":false},"excerpt":{"rendered":"<p>Ab SnipNotes f\u00fcr iOS 2.0 und SnipNotes f\u00fcr macOS 1.1 k\u00f6nnen Sie die folgenden URL Schema-Methoden nutzen, um Verkn\u00fcpfungen zu erstellen und SnipNotes in Automatisierungs-Apps wie Kurzbefehle und Launch Center Pro zu integrieren. Neue Notizen erstellen SnipNotes:\/\/save?c={Inhalt}&amp;t={Titel}&amp;f={Favoritstatus}&amp;cn={Kategorie-Name} Speichert {Inhalt} als neue Notiz ab. Sie k\u00f6nnen einen {Titel} sowie einen {Kategorie-Name} angeben und den {Favoritstatus} auf [&hellip;]<\/p>\n","protected":false},"author":1,"featured_media":0,"parent":0,"menu_order":0,"comment_status":"closed","ping_status":"closed","template":"","meta":{"site-sidebar-layout":"default","site-content-layout":"","ast-site-content-layout":"default","site-content-style":"default","site-sidebar-style":"default","ast-global-header-display":"","ast-banner-title-visibility":"","ast-main-header-display":"","ast-hfb-above-header-display":"","ast-hfb-below-header-display":"","ast-hfb-mobile-header-display":"","site-post-title":"","ast-breadcrumbs-content":"","ast-featured-img":"","footer-sml-layout":"","ast-disable-related-posts":"","theme-transparent-header-meta":"","adv-header-id-meta":"","stick-header-meta":"","header-above-stick-meta":"","header-main-stick-meta":"","header-below-stick-meta":"","astra-migrate-meta-layouts":"default","ast-page-background-enabled":"default","ast-page-background-meta":{"desktop":{"background-color":"","background-image":"","background-repeat":"repeat","background-position":"center center","background-size":"auto","background-attachment":"scroll","background-type":"","background-media":"","overlay-type":"","overlay-color":"","overlay-opacity":"","overlay-gradient":""},"tablet":{"background-color":"","background-image":"","background-repeat":"repeat","background-position":"center center","background-size":"auto","background-attachment":"scroll","background-type":"","background-media":"","overlay-type":"","overlay-color":"","overlay-opacity":"","overlay-gradient":""},"mobile":{"background-color":"","background-image":"","background-repeat":"repeat","background-position":"center center","background-size":"auto","background-attachment":"scroll","background-type":"","background-media":"","overlay-type":"","overlay-color":"","overlay-opacity":"","overlay-gradient":""}},"ast-content-background-meta":{"desktop":{"background-color":"var(--ast-global-color-5)","background-image":"","background-repeat":"repeat","background-position":"center center","background-size":"auto","background-attachment":"scroll","background-type":"","background-media":"","overlay-type":"","overlay-color":"","overlay-opacity":"","overlay-gradient":""},"tablet":{"background-color":"var(--ast-global-color-5)","background-image":"","background-repeat":"repeat","background-position":"center center","background-size":"auto","background-attachment":"scroll","background-type":"","background-media":"","overlay-type":"","overlay-color":"","overlay-opacity":"","overlay-gradient":""},"mobile":{"background-color":"var(--ast-global-color-5)","background-image":"","background-repeat":"repeat","background-position":"center center","background-size":"auto","background-attachment":"scroll","background-type":"","background-media":"","overlay-type":"","overlay-color":"","overlay-opacity":"","overlay-gradient":""}},"footnotes":""},"class_list":["post-625","page","type-page","status-publish","hentry"],"_links":{"self":[{"href":"https:\/\/www.snipnotes.de\/de\/wp-json\/wp\/v2\/pages\/625","targetHints":{"allow":["GET"]}}],"collection":[{"href":"https:\/\/www.snipnotes.de\/de\/wp-json\/wp\/v2\/pages"}],"about":[{"href":"https:\/\/www.snipnotes.de\/de\/wp-json\/wp\/v2\/types\/page"}],"author":[{"embeddable":true,"href":"https:\/\/www.snipnotes.de\/de\/wp-json\/wp\/v2\/users\/1"}],"replies":[{"embeddable":true,"href":"https:\/\/www.snipnotes.de\/de\/wp-json\/wp\/v2\/comments?post=625"}],"version-history":[{"count":12,"href":"https:\/\/www.snipnotes.de\/de\/wp-json\/wp\/v2\/pages\/625\/revisions"}],"predecessor-version":[{"id":1719,"href":"https:\/\/www.snipnotes.de\/de\/wp-json\/wp\/v2\/pages\/625\/revisions\/1719"}],"wp:attachment":[{"href":"https:\/\/www.snipnotes.de\/de\/wp-json\/wp\/v2\/media?parent=625"}],"curies":[{"name":"wp","href":"https:\/\/api.w.org\/{rel}","templated":true}]}}