{"id":724,"date":"2016-10-03T10:24:26","date_gmt":"2016-10-03T08:24:26","guid":{"rendered":"https:\/\/www.snipnotes.de\/de\/?page_id=724"},"modified":"2020-04-27T13:53:40","modified_gmt":"2020-04-27T11:53:40","slug":"macos","status":"publish","type":"page","link":"https:\/\/www.snipnotes.de\/de\/beta\/macos\/","title":{"rendered":"SnipNotes f\u00fcr macOS Beta"},"content":{"rendered":"<div id=\"pl-724\"  class=\"panel-layout\" ><div id=\"pg-724-0\"  class=\"panel-grid panel-no-style\" ><div id=\"pgc-724-0-0\"  class=\"panel-grid-cell\" ><div id=\"panel-724-0-0-0\" class=\"so-panel widget widget_sow-editor panel-first-child\" data-index=\"0\" ><div\n\t\t\t\n\t\t\tclass=\"so-widget-sow-editor so-widget-sow-editor-base\"\n\t\t\t\n\t\t>\n<div class=\"siteorigin-widget-tinymce textwidget\">\n\t<p>Vielen Dank f\u00fcr Ihr Interesse, SnipNotes zu testen. Sie k\u00f6nnen die App unten direkt herunterladen und verwenden. Falls Sie SnipNotes auf iOS-Ger\u00e4ten nutzen und iCloud aktiviert haben, werden Ihre Notizen automatisch synchronisiert. In der Men\u00fcleiste gibt es unter \"Hilfe\" einen Men\u00fcpunkt \"Feedback senden\", \u00fcber den Sie mir Informationen zu gefundenen Fehlern, W\u00fcnsche, Fragen oder einfach nur Ihre Meinung mitteilen k\u00f6nnen. Die App informiert Sie beim Starten automatisch, sobald eine neue Beta-Version zur Verf\u00fcgung steht.<\/p>\n<p><strong>Hinweis<\/strong>: Damit das\u00a0Widget angezeigt wird, m\u00fcssen Sie die App aus\u00a0Ihrem Programme-Ordner heraus starten.<\/p>\n<p><strong>Die aktuelle Beta ist nun abgeschlossen. Vielen Dank f\u00fcr's Testen!<\/p>\n<p><\/strong><strong>Bitte laden Sie die aktuelle Version aus dem Mac App Store herunter. Sie werden benachrichtigt, sobald eine neue Beta verf\u00fcgbar ist.<\/strong><\/p>\n<\/div>\n<\/div><\/div><div id=\"panel-724-0-0-1\" class=\"so-panel widget widget_sow-image panel-last-child\" data-index=\"1\" ><div\n\t\t\t\n\t\t\tclass=\"so-widget-sow-image so-widget-sow-image-default-c67d20f9f743-724\"\n\t\t\t\n\t\t>\n<div class=\"sow-image-container\">\n\t\t<img \n\tdata-src=\"https:\/\/www.snipnotes.de\/de\/wp-content\/uploads\/2019\/06\/snipnotes-teaser-macos.jpg\" width=\"1900\" height=\"1130\" data-srcset=\"https:\/\/www.snipnotes.de\/de\/wp-content\/uploads\/2019\/06\/snipnotes-teaser-macos.jpg 1900w, https:\/\/www.snipnotes.de\/de\/wp-content\/uploads\/2019\/06\/snipnotes-teaser-macos-450x268.jpg 450w, https:\/\/www.snipnotes.de\/de\/wp-content\/uploads\/2019\/06\/snipnotes-teaser-macos-1024x609.jpg 1024w, https:\/\/www.snipnotes.de\/de\/wp-content\/uploads\/2019\/06\/snipnotes-teaser-macos-624x371.jpg 624w\" data-sizes=\"(max-width: 1900px) 100vw, 1900px\" alt=\"\" \t\tclass=\"so-widget-image lazyload\" src=\"data:image\/svg+xml;base64,PHN2ZyB3aWR0aD0iMSIgaGVpZ2h0PSIxIiB4bWxucz0iaHR0cDovL3d3dy53My5vcmcvMjAwMC9zdmciPjwvc3ZnPg==\" style=\"--smush-placeholder-width: 1900px; --smush-placeholder-aspect-ratio: 1900\/1130;\" \/>\n\t<\/div>\n\n<\/div><\/div><\/div><\/div><div id=\"pg-724-1\"  class=\"panel-grid panel-no-style\" ><div id=\"pgc-724-1-0\"  class=\"panel-grid-cell panel-grid-cell-empty\" ><\/div><div id=\"pgc-724-1-1\"  class=\"panel-grid-cell panel-grid-cell-mobile-last\" ><div id=\"panel-724-1-1-0\" class=\"so-panel widget widget_sow-button panel-first-child\" data-index=\"2\" ><div\n\t\t\t\n\t\t\tclass=\"so-widget-sow-button so-widget-sow-button-atom-21d648bf4ef6-724\"\n\t\t\t\n\t\t><div class=\"ow-button-base ow-button-align-center\"\n>\n\t\t\t<a\n\t\t\t\t\thref=\"https:\/\/itunes.apple.com\/de\/app\/snipnotes\/id1240248848?mt=12\"\n\t\t\t\t\tclass=\"sowb-button ow-icon-placement-left ow-button-hover\" \t>\n\t\t<span>\n\t\t\t<span class=\"sow-icon-ionicons\" data-sow-icon=\"&#xf2dd;\"\n\t\tstyle=\"color: #ffffff\" \n\t\taria-hidden=\"true\"><\/span>\n\t\t\tIm Mac App Store herunterladen\t\t<\/span>\n\t\t\t<\/a>\n\t<\/div>\n<\/div><\/div><div id=\"panel-724-1-1-1\" class=\"so-panel widget widget_sow-editor panel-last-child\" data-index=\"3\" ><div\n\t\t\t\n\t\t\tclass=\"so-widget-sow-editor so-widget-sow-editor-base\"\n\t\t\t\n\t\t>\n<div class=\"siteorigin-widget-tinymce textwidget\">\n\t<p style=\"text-align: center;\"><strong>Wichtig<\/strong>: Erfordert macOS High Sierra (10.13) oder neuer<\/p>\n<\/div>\n<\/div><\/div><\/div><div id=\"pgc-724-1-2\"  class=\"panel-grid-cell panel-grid-cell-empty\" ><\/div><\/div><div id=\"pg-724-2\"  class=\"panel-grid panel-no-style\" ><div id=\"pgc-724-2-0\"  class=\"panel-grid-cell\" ><div id=\"panel-724-2-0-0\" class=\"so-panel widget widget_sow-editor panel-first-child panel-last-child\" data-index=\"4\" ><div\n\t\t\t\n\t\t\tclass=\"so-widget-sow-editor so-widget-sow-editor-base\"\n\t\t\t\n\t\t>\n<div class=\"siteorigin-widget-tinymce textwidget\">\n\t<h2><strong>Neu in SnipNotes 3.2<\/strong><\/h2>\n<h5>Beta 2<\/h5>\n<p>Dieses Beta-Update behebt folgende Probleme:<\/p>\n<ul>\n<li>Nach Einf\u00fcgen einer Checkbox konnte neuer Text sporadisch etwas nach unten verrutschen<\/li>\n<li>Im dunkeln Modus wurde Text nach Einf\u00fcgen einer Checkbox manchmal mit schwarzer Schrift dargestellt<\/li>\n<li>Das Umschalten zwischen Checkboxen und Stichpunkt-Listen funktionierte nicht korrekt<\/li>\n<li>Nach Einf\u00fcgen einer Checkbox und Widerrufen der Aktion st\u00fcrzte SnipNotes ab<\/li>\n<\/ul>\n<p>Vielen Dank f\u00fcr das Testen! Wenn Sie Vorschl\u00e4ge haben oder auf ein Problem sto\u00dfen, geben Sie mir bitte Bescheid.<\/p>\n<h5>Beta 1<\/h5>\n<p>Willkommen zum Beta-Test f\u00fcr SnipNotes 3.2! Dieses Update f\u00fcgt eine einzelne, aber sehr h\u00e4ufig nachgefragte Funktion hinzu: Sie k\u00f6nnen jetzt Checkboxen in Ihren Notizen erstellen.<\/p>\n<ul>\n<li>Sie k\u00f6nnen Checkboxen \u00fcber die Symbolleiste oder durch Schreiben von Markdown-Syntax erstellen, z.B. \"[x] Meine Checkbox\"<\/li>\n<li>SnipNotes erstellt automatisch zus\u00e4tzliche Checkboxen f\u00fcr neue Zeilen. Dr\u00fccken Sie zweimal die Eingabetaste, um diese Logik zu beenden<\/li>\n<li>Sie k\u00f6nnen mehrere Zeilen ausw\u00e4hlen und \u00fcber die Symbolleiste mehrere Checkboxen gleichzeitig erstellen<\/li>\n<li>Checkboxen werden auf der Apple Watch angezeigt, k\u00f6nnen jedoch nicht ver\u00e4ndert werden. Dies ist eine Einschr\u00e4nkung der watchOS-Technologie, die bei SnipNotes momentan zum Einsatz kommt. Ich plane, die Watch-App in einem kommenden Update neu zu schreiben, um diese Einschr\u00e4nkung zu umgehen<\/li>\n<\/ul>\n<p>Vielen Dank f\u00fcr das Testen! Wenn Sie Vorschl\u00e4ge haben oder auf ein Problem sto\u00dfen, geben Sie mir bitte Bescheid.<\/p>\n<\/div>\n<\/div><\/div><\/div><\/div><\/div>","protected":false},"excerpt":{"rendered":"<p>Vielen Dank f\u00fcr Ihr Interesse, SnipNotes zu testen. Sie k\u00f6nnen die App unten direkt herunterladen und verwenden. Falls Sie SnipNotes auf iOS-Ger\u00e4ten nutzen und iCloud aktiviert haben, werden Ihre Notizen automatisch synchronisiert. In der Men\u00fcleiste gibt es unter &#8222;Hilfe&#8220; einen Men\u00fcpunkt &#8222;Feedback senden&#8220;, \u00fcber den Sie mir Informationen zu gefundenen Fehlern, W\u00fcnsche, Fragen oder einfach [&hellip;]<\/p>\n","protected":false},"author":1,"featured_media":0,"parent":510,"menu_order":0,"comment_status":"closed","ping_status":"closed","template":"","meta":{"site-sidebar-layout":"default","site-content-layout":"default","ast-site-content-layout":"default","site-content-style":"default","site-sidebar-style":"default","ast-global-header-display":"","ast-banner-title-visibility":"","ast-main-header-display":"","ast-hfb-above-header-display":"","ast-hfb-below-header-display":"","ast-hfb-mobile-header-display":"","site-post-title":"","ast-breadcrumbs-content":"","ast-featured-img":"","footer-sml-layout":"","ast-disable-related-posts":"","theme-transparent-header-meta":"default","adv-header-id-meta":"","stick-header-meta":"default","header-above-stick-meta":"","header-main-stick-meta":"","header-below-stick-meta":"","astra-migrate-meta-layouts":"default","ast-page-background-enabled":"default","ast-page-background-meta":{"desktop":{"background-color":"","background-image":"","background-repeat":"repeat","background-position":"center center","background-size":"auto","background-attachment":"scroll","background-type":"","background-media":"","overlay-type":"","overlay-color":"","overlay-opacity":"","overlay-gradient":""},"tablet":{"background-color":"","background-image":"","background-repeat":"repeat","background-position":"center center","background-size":"auto","background-attachment":"scroll","background-type":"","background-media":"","overlay-type":"","overlay-color":"","overlay-opacity":"","overlay-gradient":""},"mobile":{"background-color":"","background-image":"","background-repeat":"repeat","background-position":"center center","background-size":"auto","background-attachment":"scroll","background-type":"","background-media":"","overlay-type":"","overlay-color":"","overlay-opacity":"","overlay-gradient":""}},"ast-content-background-meta":{"desktop":{"background-color":"var(--ast-global-color-5)","background-image":"","background-repeat":"repeat","background-position":"center center","background-size":"auto","background-attachment":"scroll","background-type":"","background-media":"","overlay-type":"","overlay-color":"","overlay-opacity":"","overlay-gradient":""},"tablet":{"background-color":"var(--ast-global-color-5)","background-image":"","background-repeat":"repeat","background-position":"center center","background-size":"auto","background-attachment":"scroll","background-type":"","background-media":"","overlay-type":"","overlay-color":"","overlay-opacity":"","overlay-gradient":""},"mobile":{"background-color":"var(--ast-global-color-5)","background-image":"","background-repeat":"repeat","background-position":"center center","background-size":"auto","background-attachment":"scroll","background-type":"","background-media":"","overlay-type":"","overlay-color":"","overlay-opacity":"","overlay-gradient":""}},"footnotes":""},"class_list":["post-724","page","type-page","status-publish","hentry"],"_links":{"self":[{"href":"https:\/\/www.snipnotes.de\/de\/wp-json\/wp\/v2\/pages\/724","targetHints":{"allow":["GET"]}}],"collection":[{"href":"https:\/\/www.snipnotes.de\/de\/wp-json\/wp\/v2\/pages"}],"about":[{"href":"https:\/\/www.snipnotes.de\/de\/wp-json\/wp\/v2\/types\/page"}],"author":[{"embeddable":true,"href":"https:\/\/www.snipnotes.de\/de\/wp-json\/wp\/v2\/users\/1"}],"replies":[{"embeddable":true,"href":"https:\/\/www.snipnotes.de\/de\/wp-json\/wp\/v2\/comments?post=724"}],"version-history":[{"count":180,"href":"https:\/\/www.snipnotes.de\/de\/wp-json\/wp\/v2\/pages\/724\/revisions"}],"predecessor-version":[{"id":2556,"href":"https:\/\/www.snipnotes.de\/de\/wp-json\/wp\/v2\/pages\/724\/revisions\/2556"}],"up":[{"embeddable":true,"href":"https:\/\/www.snipnotes.de\/de\/wp-json\/wp\/v2\/pages\/510"}],"wp:attachment":[{"href":"https:\/\/www.snipnotes.de\/de\/wp-json\/wp\/v2\/media?parent=724"}],"curies":[{"name":"wp","href":"https:\/\/api.w.org\/{rel}","templated":true}]}}