{"id":79,"date":"2015-03-07T12:00:35","date_gmt":"2015-03-07T17:00:35","guid":{"rendered":"http:\/\/www.snipnotes.de\/?page_id=79"},"modified":"2024-12-06T17:27:37","modified_gmt":"2024-12-06T16:27:37","slug":"datenschutz","status":"publish","type":"page","link":"https:\/\/www.snipnotes.de\/de\/datenschutz\/","title":{"rendered":"Datenschutz"},"content":{"rendered":"<h1>Datenschutzerkl\u00e4rung f\u00fcr die SnipNotes App<\/h1>\n<p>Wir nehmen Ihren Datenschutz sehr ernst, insbesondere wenn es um so pers\u00f6nliche Daten wie Ihre Notizen geht. SnipNotes \u00fcbermittelt niemals ohne Ihr Wissen pers\u00f6nliche Daten an einen anderen Server. SnipNotes verfolgt weder Ihr Nutzungsverhalten noch werden Ihre Notizen f\u00fcr andere Zwecke analysiert. Ihre Daten bleiben privat.<\/p>\n<p>Diese Erkl\u00e4rung bezieht sich auf alle Informationen, die von SnipNotes f\u00fcr iPhone, iPad, Mac und Apple Watch gesammelt oder \u00fcbermittelt werden.<\/p>\n<h2>Erhebung von Daten<\/h2>\n<p><strong>Fehlerprotokolle:<\/strong> Wenn Sie eine Supportanfrage aus der App heraus senden, h\u00e4ngt SnipNotes unter Umst\u00e4nden automatisch eine Reihe von Textdateien an die E-Mail an. Diese Dateien beinhalten Informationen zum aktuellen Status von SnipNotes, z.B. der iCloud Synchronisation, und zu Fehlern, die in der App aufgetreten sind. Diese Daten beinhalten au\u00dferdem Ihr Ger\u00e4temodell, Ihre Softwareversion und Ihren Netzwerkstatus zum Zeitpunkt des Fehlers.<\/p>\n<p><strong>Absturzberichte:\u00a0<\/strong>Im Falle eines Absturzes haben Sie die M\u00f6glichkeit einen Absturzbericht aus der App heraus zu versenden. Dieser Bericht beinhaltet Informationen \u00fcber Ihr Ger\u00e4t (Modell, Softwareversion etc.) und den Zustand von SnipNotes zum Zeitpunkt des Absturzes. Es werden keine personenbezogenen Daten \u00fcbermittelt.<\/p>\n<p><strong>Zahlungsinformationen: <\/strong>SnipNotes verwendet <a href=\"https:\/\/www.revenuecat.com\/\">RevenueCat<\/a>, um In-App-K\u00e4ufe zu verwalten. Wir stellen diesem Dienst nur Informationen zur Verf\u00fcgung, die f\u00fcr die Verarbeitung Ihres Kaufs erforderlich sind. Weitere Details finden Sie in der Datenschutzerkl\u00e4rung von RevenueCat. (<a href=\"https:\/\/www.revenuecat.com\/privacy\">https:\/\/www.revenuecat.com\/privacy<\/a>)<\/p>\n<p><strong>Kurzanleitung und Wissensdatenbank:\u00a0<\/strong>SnipNotes verwendet <a href=\"https:\/\/www.notion.so\">Notion<\/a>, um Hilfe-Ressourcen wie die Kurzanleitung und die Wissensdatenbank zur Verf\u00fcgung zu stellen. Wenn Sie diese Seiten aufrufen, stellt Ihr Ger\u00e4t eine Verbindung zu den Servern von Notion her. Notion erhebt eigene Analysedaten, wie z.B. die Anzahl und Herkunft der Seitenaufrufe. Notion erh\u00e4lt <strong>keinen<\/strong> Zugriff auf Ihre in SnipNotes gespeicherten Daten. Weitere Details finden Sie in der Datenschutzerkl\u00e4rung von Notion. (<a href=\"https:\/\/www.notion.so\/help\/security-and-privacy\">https:\/\/www.notion.so\/help\/security-and-privacy<\/a>)<\/p>\n<h2>Nutzung von Daten<\/h2>\n<p>Wir nutzen Absturzberichte und Fehlerprotokolle, um Fehler in der App zu beheben und einen besseren Kundendienst anbieten zu k\u00f6nnen. Wir sammeln oder teilen keine personenbezogenen Informationen.<\/p>\n<h2>Synchronisation \u00fcber iCloud<\/h2>\n<p>Wenn Sie Ihre Notizen \u00fcber iCloud synchronisieren, werden alle Ihre Daten in einem privaten Container innerhalb Ihres iCloud-Kontos gespeichert. Wir haben auf diese Daten keinen Zugriff. Apple verschl\u00fcsselt alle Daten, die zu iCloud gesendet und in iCloud gespeichert werden. Bitte lesen Sie das folgende Dokument, um mehr dar\u00fcber zu erfahren, wie Ihre Daten auf Apple&#8217;s iCloud-Servern gespeichert werden:\u00a0<a href=\"https:\/\/support.apple.com\/de-de\/HT202303\">https:\/\/support.apple.com\/de-de\/HT202303<\/a><\/p>\n<h2>Zugriff, \u00c4nderung oder L\u00f6schung Ihrer Daten<\/h2>\n<p>Sie k\u00f6nnen Ihre Daten in den Apps f\u00fcr iOS und macOS betrachten und \u00e4ndern. SnipNotes kann eine ZIP-Datei mit all Ihren Notizen erstellen. Au\u00dferdem haben Sie die M\u00f6glichkeit Ihre iCloud-Daten zu l\u00f6schen, wenn Sie die App nicht l\u00e4nger benutzen m\u00f6chten. Diese Optionen sind an folgenden Orten verf\u00fcgbar:<\/p>\n<p><strong>iOS:<\/strong> \u00d6ffnen Sie das Einstellungsmen\u00fc in SnipNotes und gehen Sie zu &#8222;\u00dcber&#8220; =&gt; &#8222;Datenschutz&#8220;<br \/>\n<strong>macOS:<\/strong> Klicken Sie in der Men\u00fcleiste auf &#8222;SnipNotes&#8220; =&gt; &#8222;Einstellungen&#8230;&#8220;. Klicken Sie auf den Reiter &#8222;Datenschutz&#8220;<\/p>\n<h2>Ihre Zustimmung<\/h2>\n<p>Indem Sie SnipNotes f\u00fcr iPhone, iPad, Mac oder Apple Watch nutzen, stimmen Sie unserer Datenschutzerkl\u00e4rung zu.<\/p>\n<h2>Kontakt<\/h2>\n<p>Wenn Sie Fragen zu dieser Datenschutzerkl\u00e4rung haben, schreiben Sie bitte eine E-Mail an <a href=\"mailto:support@snipnotes.de\">support@snipnotes.de<\/a><\/p>\n<h2>\u00c4nderungen an dieser Datenschutzerkl\u00e4rung<\/h2>\n<p>\u00c4nderungen an dieser Erkl\u00e4rung werden im App Store im Bereich &#8222;Neue Funktionen&#8220; angek\u00fcndigt.<\/p>\n<p>Bisherige \u00c4nderungen:<\/p>\n<ul>\n<li><strong>7. M\u00e4rz 2015<\/strong> &#8211; Erste Ver\u00f6ffentlichung<\/li>\n<li><strong>23. Mai 2018<\/strong> &#8211; Komplette \u00dcberarbeitung, Aufteilung in mehrere Sektionen<\/li>\n<li><strong>19. September 2018<\/strong> &#8211; Deaktivierung der Daten\u00fcbermittlung hinzugef\u00fcgt<\/li>\n<li><strong>4. Juli 2019<\/strong> &#8211; Analyse-Daten und automatische Absturzberichte entfernt<\/li>\n<li><strong>11. November 2019<\/strong> &#8211; Freiwillige Absturzberichte hinzugef\u00fcgt<\/li>\n<li><strong>1. M\u00e4rz 2021<\/strong> &#8211; RevenueCat f\u00fcr In-App K\u00e4ufe hinzugef\u00fcgt<\/li>\n<li><strong>15. Dezember 2022<\/strong> &#8211; Notion f\u00fcr Hilfe-Ressourcen hinzugef\u00fcgt<\/li>\n<\/ul>\n<h1>Datenschutzrichtlinie f\u00fcr die SnipNotes Homepage<\/h1>\n<p><a class=\"iubenda-white iubenda-embed\" title=\"Privacy Policy\" href=\"\/\/www.iubenda.com\/privacy-policy\/496000\">Privacy Policy<\/a><script type=\"text\/javascript\">(function (w,d) {var loader = function () {var s = d.createElement(\"script\"), tag = d.getElementsByTagName(\"script\")[0]; s.src = \"\/\/cdn.iubenda.com\/iubenda.js\"; tag.parentNode.insertBefore(s,tag);}; if(w.addEventListener){w.addEventListener(\"load\", loader, false);}else if(w.attachEvent){w.attachEvent(\"onload\", loader);}else{w.onload = loader;}})(window, document);<\/script><\/p>\n","protected":false},"excerpt":{"rendered":"<p>Datenschutzerkl\u00e4rung f\u00fcr die SnipNotes App Wir nehmen Ihren Datenschutz sehr ernst, insbesondere wenn es um so pers\u00f6nliche Daten wie Ihre Notizen geht. SnipNotes \u00fcbermittelt niemals ohne Ihr Wissen pers\u00f6nliche Daten an einen anderen Server. SnipNotes verfolgt weder Ihr Nutzungsverhalten noch werden Ihre Notizen f\u00fcr andere Zwecke analysiert. Ihre Daten bleiben privat. Diese Erkl\u00e4rung bezieht sich [&hellip;]<\/p>\n","protected":false},"author":1,"featured_media":0,"parent":0,"menu_order":0,"comment_status":"closed","ping_status":"closed","template":"","meta":{"site-sidebar-layout":"default","site-content-layout":"default","ast-site-content-layout":"default","site-content-style":"default","site-sidebar-style":"default","ast-global-header-display":"","ast-banner-title-visibility":"","ast-main-header-display":"","ast-hfb-above-header-display":"","ast-hfb-below-header-display":"","ast-hfb-mobile-header-display":"","site-post-title":"","ast-breadcrumbs-content":"","ast-featured-img":"","footer-sml-layout":"","ast-disable-related-posts":"","theme-transparent-header-meta":"default","adv-header-id-meta":"","stick-header-meta":"default","header-above-stick-meta":"","header-main-stick-meta":"","header-below-stick-meta":"","astra-migrate-meta-layouts":"set","ast-page-background-enabled":"default","ast-page-background-meta":{"desktop":{"background-color":"","background-image":"","background-repeat":"repeat","background-position":"center center","background-size":"auto","background-attachment":"scroll","background-type":"","background-media":"","overlay-type":"","overlay-color":"","overlay-opacity":"","overlay-gradient":""},"tablet":{"background-color":"","background-image":"","background-repeat":"repeat","background-position":"center center","background-size":"auto","background-attachment":"scroll","background-type":"","background-media":"","overlay-type":"","overlay-color":"","overlay-opacity":"","overlay-gradient":""},"mobile":{"background-color":"","background-image":"","background-repeat":"repeat","background-position":"center center","background-size":"auto","background-attachment":"scroll","background-type":"","background-media":"","overlay-type":"","overlay-color":"","overlay-opacity":"","overlay-gradient":""}},"ast-content-background-meta":{"desktop":{"background-color":"var(--ast-global-color-5)","background-image":"","background-repeat":"repeat","background-position":"center center","background-size":"auto","background-attachment":"scroll","background-type":"","background-media":"","overlay-type":"","overlay-color":"","overlay-opacity":"","overlay-gradient":""},"tablet":{"background-color":"var(--ast-global-color-5)","background-image":"","background-repeat":"repeat","background-position":"center center","background-size":"auto","background-attachment":"scroll","background-type":"","background-media":"","overlay-type":"","overlay-color":"","overlay-opacity":"","overlay-gradient":""},"mobile":{"background-color":"var(--ast-global-color-5)","background-image":"","background-repeat":"repeat","background-position":"center center","background-size":"auto","background-attachment":"scroll","background-type":"","background-media":"","overlay-type":"","overlay-color":"","overlay-opacity":"","overlay-gradient":""}},"footnotes":""},"class_list":["post-79","page","type-page","status-publish","hentry"],"_links":{"self":[{"href":"https:\/\/www.snipnotes.de\/de\/wp-json\/wp\/v2\/pages\/79","targetHints":{"allow":["GET"]}}],"collection":[{"href":"https:\/\/www.snipnotes.de\/de\/wp-json\/wp\/v2\/pages"}],"about":[{"href":"https:\/\/www.snipnotes.de\/de\/wp-json\/wp\/v2\/types\/page"}],"author":[{"embeddable":true,"href":"https:\/\/www.snipnotes.de\/de\/wp-json\/wp\/v2\/users\/1"}],"replies":[{"embeddable":true,"href":"https:\/\/www.snipnotes.de\/de\/wp-json\/wp\/v2\/comments?post=79"}],"version-history":[{"count":20,"href":"https:\/\/www.snipnotes.de\/de\/wp-json\/wp\/v2\/pages\/79\/revisions"}],"predecessor-version":[{"id":3910,"href":"https:\/\/www.snipnotes.de\/de\/wp-json\/wp\/v2\/pages\/79\/revisions\/3910"}],"wp:attachment":[{"href":"https:\/\/www.snipnotes.de\/de\/wp-json\/wp\/v2\/media?parent=79"}],"curies":[{"name":"wp","href":"https:\/\/api.w.org\/{rel}","templated":true}]}}