{"id":859,"date":"2017-03-04T13:18:21","date_gmt":"2017-03-04T12:18:21","guid":{"rendered":"https:\/\/www.snipnotes.de\/de\/?page_id=859"},"modified":"2023-05-30T12:15:54","modified_gmt":"2023-05-30T10:15:54","slug":"funktionen","status":"publish","type":"page","link":"https:\/\/www.snipnotes.de\/de\/funktionen\/","title":{"rendered":"Funktionen"},"content":{"rendered":"<div id=\"pl-859\"  class=\"panel-layout\" ><div id=\"pg-859-0\"  class=\"panel-grid panel-no-style\" ><div id=\"pgc-859-0-0\"  class=\"panel-grid-cell\" ><div id=\"panel-859-0-0-0\" class=\"so-panel widget widget_sow-editor panel-first-child panel-last-child\" data-index=\"0\" ><div\n\t\t\t\n\t\t\tclass=\"so-widget-sow-editor so-widget-sow-editor-base\"\n\t\t\t\n\t\t>\n<div class=\"siteorigin-widget-tinymce textwidget\">\n\t<p>Die folgenden Tabellen geben Ihnen einen \u00dcberblick dar\u00fcber, was SnipNotes f\u00fcr Sie tun kann (und was noch nicht). Wenn Sie Fragen haben, <a href=\"https:\/\/www.snipnotes.de\/de\/support\/\">kontaktieren Sie mich<\/a> bitte oder werfen Sie einen Blick in die <a href=\"https:\/\/www.snipnotes.de\/de\/hilfe\">Hilfe<\/a> und die <a href=\"https:\/\/www.snipnotes.de\/de\/faq\/\">FAQ<\/a>.<\/p>\n<h2 style=\"text-align: center;\">Notizen erstellen<\/h2>\n\n<table id=\"tablepress-7\" class=\"tablepress tablepress-id-7\">\n<thead>\n<tr class=\"row-1\">\n\t<th class=\"column-1\">Funktion<\/th><th class=\"column-2\">iOS<\/th><th class=\"column-3\">Mac<\/th><th class=\"column-4\">Apple Watch<\/th>\n<\/tr>\n<\/thead>\n<tbody class=\"row-striping row-hover\">\n<tr class=\"row-2\">\n\t<td class=\"column-1\">Schnelles Erstellen von Notizen<\/td><td class=\"column-2\">\u2705<\/td><td class=\"column-3\">\u2705<\/td><td class=\"column-4\">\u2705<\/td>\n<\/tr>\n<tr class=\"row-3\">\n\t<td class=\"column-1\">Textformatierungen in Notizen<\/td><td class=\"column-2\">\u2705<\/td><td class=\"column-3\">\u2705<\/td><td class=\"column-4\">\u2705<\/td>\n<\/tr>\n<tr class=\"row-4\">\n\t<td class=\"column-1\">Checklisten in Notizen einf\u00fcgen<\/td><td class=\"column-2\">\u2705<\/td><td class=\"column-3\">\u2705<\/td><td class=\"column-4\">\u2705<\/td>\n<\/tr>\n<tr class=\"row-5\">\n\t<td class=\"column-1\">Bilder von der Kamera, Fotobibliothek oder anderen Apps einf\u00fcgen<\/td><td class=\"column-2\">\u2705<\/td><td class=\"column-3\">\u2705<\/td><td class=\"column-4\">\u274c<\/td>\n<\/tr>\n<tr class=\"row-6\">\n\t<td class=\"column-1\">Dokumente in Notizen einf\u00fcgen<\/td><td class=\"column-2\">\u2705<\/td><td class=\"column-3\">\u2705<\/td><td class=\"column-4\">\u274c<\/td>\n<\/tr>\n<tr class=\"row-7\">\n\t<td class=\"column-1\">Zeichnungen mit Apple Pencil erstellen<\/td><td class=\"column-2\">\u2705<\/td><td class=\"column-3\">\u274c<\/td><td class=\"column-4\">\u274c<\/td>\n<\/tr>\n<tr class=\"row-8\">\n\t<td class=\"column-1\">Textnotizen diktieren<\/td><td class=\"column-2\">\u2705<\/td><td class=\"column-3\">\u274c<\/td><td class=\"column-4\">\u2705<\/td>\n<\/tr>\n<tr class=\"row-9\">\n\t<td class=\"column-1\">Zwischenablage (automatisch) speichern<\/td><td class=\"column-2\">\u2705<\/td><td class=\"column-3\">\u2705<\/td><td class=\"column-4\">\u274c<\/td>\n<\/tr>\n<tr class=\"row-10\">\n\t<td class=\"column-1\">Inhalte aus anderen Apps \u00fcber das Teilen-Men\u00fc hinzuf\u00fcgen<\/td><td class=\"column-2\">\u2705<\/td><td class=\"column-3\">\u2705<\/td><td class=\"column-4\">\u274c<\/td>\n<\/tr>\n<tr class=\"row-11\">\n\t<td class=\"column-1\">Inhalte von Websites oder anderen Apps per Drag &amp; Drop einf\u00fcgen<\/td><td class=\"column-2\">\u2705<\/td><td class=\"column-3\">\u2705<\/td><td class=\"column-4\">\u274c<\/td>\n<\/tr>\n<tr class=\"row-12\">\n\t<td class=\"column-1\">Aktuellen Standort speichern<\/td><td class=\"column-2\">\u2705<\/td><td class=\"column-3\">\u274c<\/td><td class=\"column-4\">\u2705<\/td>\n<\/tr>\n<tr class=\"row-13\">\n\t<td class=\"column-1\">Notizen mit Siri erstellen<\/td><td class=\"column-2\">\u2705<\/td><td class=\"column-3\">\u274c<\/td><td class=\"column-4\">\u2705<\/td>\n<\/tr>\n<\/tbody>\n<\/table>\n<!-- #tablepress-7 from cache -->\n<hr \/>\n<h2 style=\"text-align: center;\"><span data-reactroot=\"\">Schneller Zugriff auf Notizen<\/span><\/h2>\n\n<table id=\"tablepress-8\" class=\"tablepress tablepress-id-8\">\n<thead>\n<tr class=\"row-1\">\n\t<th class=\"column-1\">Funktion<\/th><th class=\"column-2\">iOS<\/th><th class=\"column-3\">Mac<\/th><th class=\"column-4\">Apple Watch<\/th>\n<\/tr>\n<\/thead>\n<tbody class=\"row-striping row-hover\">\n<tr class=\"row-2\">\n\t<td class=\"column-1\">Synchronisation zwischen mehreren Ger\u00e4ten \u00fcber iCloud<\/td><td class=\"column-2\">\u2705<\/td><td class=\"column-3\">\u2705<\/td><td class=\"column-4\">\u2705<\/td>\n<\/tr>\n<tr class=\"row-3\">\n\t<td class=\"column-1\">Notizen auch ohne Internetverbindung aufrufen und bearbeiten<\/td><td class=\"column-2\">\u2705<\/td><td class=\"column-3\">\u2705<\/td><td class=\"column-4\">\u2705<\/td>\n<\/tr>\n<tr class=\"row-4\">\n\t<td class=\"column-1\">Notizen und Kategorien als Widgets zum Startbildschirm oder Sperrbildschirm hinzuf\u00fcgen<\/td><td class=\"column-2\">\u2705<\/td><td class=\"column-3\">\u274c<\/td><td class=\"column-4\">\u274c<\/td>\n<\/tr>\n<tr class=\"row-5\">\n\t<td class=\"column-1\">Notizen an den Anfang der Liste pinnen<\/td><td class=\"column-2\">\u2705<\/td><td class=\"column-3\">\u2705<\/td><td class=\"column-4\">\u2705<\/td>\n<\/tr>\n<tr class=\"row-6\">\n\t<td class=\"column-1\">Notizen \u00fcber Kurzbefehle aufrufen und erstellen<\/td><td class=\"column-2\">\u2705<\/td><td class=\"column-3\">\u2705<\/td><td class=\"column-4\">\u2705<\/td>\n<\/tr>\n<tr class=\"row-7\">\n\t<td class=\"column-1\">Notizen \u00fcber die Spotlight - Suche aufrufen<\/td><td class=\"column-2\">\u2705<\/td><td class=\"column-3\">\u2705<\/td><td class=\"column-4\">\u274c<\/td>\n<\/tr>\n<\/tbody>\n<\/table>\n<!-- #tablepress-8 from cache -->\n<hr \/>\n<h2 style=\"text-align: center;\"><span data-reactroot=\"\">Notizen organisieren<\/span><\/h2>\n\n<table id=\"tablepress-9\" class=\"tablepress tablepress-id-9\">\n<thead>\n<tr class=\"row-1\">\n\t<th class=\"column-1\">Funktion<\/th><th class=\"column-2\">iOS<\/th><th class=\"column-3\">Mac<\/th><th class=\"column-4\">Apple Watch<\/th>\n<\/tr>\n<\/thead>\n<tbody class=\"row-striping row-hover\">\n<tr class=\"row-2\">\n\t<td class=\"column-1\">Notizen mit mehreren Kategorieebenen organisieren<\/td><td class=\"column-2\">\u2705<\/td><td class=\"column-3\">\u2705<\/td><td class=\"column-4\">\u2705<\/td>\n<\/tr>\n<tr class=\"row-3\">\n\t<td class=\"column-1\">Notizen mit farbigen Tags kennzeichnen und filtern<\/td><td class=\"column-2\">\u2705<\/td><td class=\"column-3\">\u2705<\/td><td class=\"column-4\">\u2705<\/td>\n<\/tr>\n<tr class=\"row-4\">\n\t<td class=\"column-1\">Notizen durchsuchen und Treffer hervorheben<\/td><td class=\"column-2\">\u2705<\/td><td class=\"column-3\">\u2705<\/td><td class=\"column-4\">\u2705<\/td>\n<\/tr>\n<tr class=\"row-5\">\n\t<td class=\"column-1\">Notiz - Erinnerungen erstellen<\/td><td class=\"column-2\">\u2705<\/td><td class=\"column-3\">\u274c<\/td><td class=\"column-4\">\u274c<\/td>\n<\/tr>\n<tr class=\"row-6\">\n\t<td class=\"column-1\">Mehrere Notizen ausw\u00e4hlen und l\u00f6schen\/verschieben\/zusammenf\u00fcgen<\/td><td class=\"column-2\">\u2705<\/td><td class=\"column-3\">\u2705<\/td><td class=\"column-4\">\u274c<\/td>\n<\/tr>\n<tr class=\"row-7\">\n\t<td class=\"column-1\">Erledigte Notizen archivieren<\/td><td class=\"column-2\">\u2705<\/td><td class=\"column-3\">\u2705<\/td><td class=\"column-4\">\u274c<\/td>\n<\/tr>\n<tr class=\"row-8\">\n\t<td class=\"column-1\">Datum von Notizen nachtr\u00e4glich \u00e4ndern<\/td><td class=\"column-2\">\u2705<\/td><td class=\"column-3\">\u2705<\/td><td class=\"column-4\">\u274c<\/td>\n<\/tr>\n<tr class=\"row-9\">\n\t<td class=\"column-1\">\u00c4nderungen r\u00fcckg\u00e4ngig machen<\/td><td class=\"column-2\">\u2705<\/td><td class=\"column-3\">\u2705<\/td><td class=\"column-4\">\u274c<\/td>\n<\/tr>\n<\/tbody>\n<\/table>\n<!-- #tablepress-9 from cache -->\n<hr \/>\n<h2 style=\"text-align: center;\"><span data-reactroot=\"\">Integrationen<\/span><\/h2>\n\n<table id=\"tablepress-10\" class=\"tablepress tablepress-id-10\">\n<thead>\n<tr class=\"row-1\">\n\t<th class=\"column-1\">Funktion<\/th><th class=\"column-2\">iOS<\/th><th class=\"column-3\">Mac<\/th><th class=\"column-4\">Apple Watch<\/th>\n<\/tr>\n<\/thead>\n<tbody class=\"row-striping row-hover\">\n<tr class=\"row-2\">\n\t<td class=\"column-1\">Einzelne Kategorien oder die komplette App mit Touch ID \/ Face ID sch\u00fctzen<\/td><td class=\"column-2\">\u2705<\/td><td class=\"column-3\">\u274c<\/td><td class=\"column-4\">\u274c<\/td>\n<\/tr>\n<tr class=\"row-3\">\n\t<td class=\"column-1\">Notizen \u00fcber das Teilen-Men\u00fc oder per Notiz-Aktion an andere Apps exportieren<\/td><td class=\"column-2\">\u2705<\/td><td class=\"column-3\">\u2705<\/td><td class=\"column-4\">\u274c<\/td>\n<\/tr>\n<tr class=\"row-4\">\n\t<td class=\"column-1\">Automatisierung und Integration mit anderen Apps \u00fcber Shortcuts<\/td><td class=\"column-2\">\u2705<\/td><td class=\"column-3\">\u2705<\/td><td class=\"column-4\">\u274c<\/td>\n<\/tr>\n<tr class=\"row-5\">\n\t<td class=\"column-1\">Integration mit anderen Apps \u00fcber URL Schema<\/td><td class=\"column-2\">\u2705<\/td><td class=\"column-3\">\u2705<\/td><td class=\"column-4\">\u274c<\/td>\n<\/tr>\n<tr class=\"row-6\">\n\t<td class=\"column-1\">H\u00e4ufig genutzte Aktionen mit Tastenkombinationen aufrufen<\/td><td class=\"column-2\">\u2705<\/td><td class=\"column-3\">\u2705<\/td><td class=\"column-4\">\u274c<\/td>\n<\/tr>\n<tr class=\"row-7\">\n\t<td class=\"column-1\">Notizen ausdrucken<\/td><td class=\"column-2\">\u2705<\/td><td class=\"column-3\">\u2705<\/td><td class=\"column-4\">\u274c<\/td>\n<\/tr>\n<\/tbody>\n<\/table>\n<!-- #tablepress-10 from cache -->\n<hr \/>\n<h2 style=\"text-align: center;\"><span data-reactroot=\"\">Anpassbarkeit<\/span><\/h2>\n\n<table id=\"tablepress-11\" class=\"tablepress tablepress-id-11\">\n<thead>\n<tr class=\"row-1\">\n\t<th class=\"column-1\">Funktion<\/th><th class=\"column-2\">iOS<\/th><th class=\"column-3\">Mac<\/th><th class=\"column-4\">Apple Watch<\/th>\n<\/tr>\n<\/thead>\n<tbody class=\"row-striping row-hover\">\n<tr class=\"row-2\">\n\t<td class=\"column-1\">Notizen und Kategorien mit tausenden von Symbolen anpassen<\/td><td class=\"column-2\">\u2705<\/td><td class=\"column-3\">\u2705<\/td><td class=\"column-4\">\u2705<\/td>\n<\/tr>\n<tr class=\"row-3\">\n\t<td class=\"column-1\">Zwischen zehn verschiedenen Farbthemen ausw\u00e4hlen<\/td><td class=\"column-2\">\u2705<\/td><td class=\"column-3\">\u2705<\/td><td class=\"column-4\">\u274c<\/td>\n<\/tr>\n<tr class=\"row-4\">\n\t<td class=\"column-1\">Heller und dunkler Modus<\/td><td class=\"column-2\">\u2705<\/td><td class=\"column-3\">\u2705<\/td><td class=\"column-4\">\u274c<\/td>\n<\/tr>\n<tr class=\"row-5\">\n\t<td class=\"column-1\">Schrift vergr\u00f6\u00dfern oder verkleinern<\/td><td class=\"column-2\">\u2705<\/td><td class=\"column-3\">\u2705<\/td><td class=\"column-4\">\u2705<\/td>\n<\/tr>\n<\/tbody>\n<\/table>\n<!-- #tablepress-11 from cache -->\n<p>&nbsp;<\/p>\n<p>Legende:<\/p>\n<p>\u2705 =\u00a0Funktion wird unterst\u00fctzt<br \/>\n\u274c = Funktion wird noch nicht unterst\u00fctzt<\/p>\n<\/div>\n<\/div><\/div><\/div><\/div><div id=\"pg-859-1\"  class=\"panel-grid panel-no-style\" ><div id=\"pgc-859-1-0\"  class=\"panel-grid-cell\" ><div id=\"panel-859-1-0-0\" class=\"so-panel widget widget_sow-button panel-first-child panel-last-child\" data-index=\"1\" ><div\n\t\t\t\n\t\t\tclass=\"so-widget-sow-button so-widget-sow-button-atom-21d648bf4ef6-859\"\n\t\t\t\n\t\t><div class=\"ow-button-base ow-button-align-center\"\n>\n\t\t\t<a\n\t\t\t\t\thref=\"https:\/\/itunes.apple.com\/de\/app\/snipnotes\/id967594709?pt=61628800&#038;ct=homepage&#038;mt=8\"\n\t\t\t\t\tclass=\"sowb-button ow-icon-placement-left ow-button-hover\" target=\"_blank\" rel=\"noopener noreferrer\" \t>\n\t\t<span>\n\t\t\t<span class=\"sow-icon-icomoon\" data-sow-icon=\"&#xeabe;\"\n\t\tstyle=\"color: #ffffff\" \n\t\taria-hidden=\"true\"><\/span>\n\t\t\tIm App Store herunterladen\t\t<\/span>\n\t\t\t<\/a>\n\t<\/div>\n<\/div><\/div><\/div><\/div><\/div>","protected":false},"excerpt":{"rendered":"<p>Die folgenden Tabellen geben Ihnen einen \u00dcberblick dar\u00fcber, was SnipNotes f\u00fcr Sie tun kann (und was noch nicht). Wenn Sie Fragen haben, kontaktieren Sie mich bitte oder werfen Sie einen Blick in die Hilfe und die FAQ. Notizen erstellen Schneller Zugriff auf Notizen Notizen organisieren Integrationen Anpassbarkeit &nbsp; Legende: \u2705 =\u00a0Funktion wird unterst\u00fctzt \u274c = [&hellip;]<\/p>\n","protected":false},"author":1,"featured_media":0,"parent":0,"menu_order":0,"comment_status":"closed","ping_status":"closed","template":"","meta":{"site-sidebar-layout":"default","site-content-layout":"default","ast-site-content-layout":"default","site-content-style":"default","site-sidebar-style":"default","ast-global-header-display":"","ast-banner-title-visibility":"","ast-main-header-display":"","ast-hfb-above-header-display":"","ast-hfb-below-header-display":"","ast-hfb-mobile-header-display":"","site-post-title":"","ast-breadcrumbs-content":"","ast-featured-img":"","footer-sml-layout":"","ast-disable-related-posts":"","theme-transparent-header-meta":"default","adv-header-id-meta":"","stick-header-meta":"default","header-above-stick-meta":"","header-main-stick-meta":"","header-below-stick-meta":"","astra-migrate-meta-layouts":"default","ast-page-background-enabled":"default","ast-page-background-meta":{"desktop":{"background-color":"","background-image":"","background-repeat":"repeat","background-position":"center center","background-size":"auto","background-attachment":"scroll","background-type":"","background-media":"","overlay-type":"","overlay-color":"","overlay-opacity":"","overlay-gradient":""},"tablet":{"background-color":"","background-image":"","background-repeat":"repeat","background-position":"center center","background-size":"auto","background-attachment":"scroll","background-type":"","background-media":"","overlay-type":"","overlay-color":"","overlay-opacity":"","overlay-gradient":""},"mobile":{"background-color":"","background-image":"","background-repeat":"repeat","background-position":"center center","background-size":"auto","background-attachment":"scroll","background-type":"","background-media":"","overlay-type":"","overlay-color":"","overlay-opacity":"","overlay-gradient":""}},"ast-content-background-meta":{"desktop":{"background-color":"var(--ast-global-color-5)","background-image":"","background-repeat":"repeat","background-position":"center center","background-size":"auto","background-attachment":"scroll","background-type":"","background-media":"","overlay-type":"","overlay-color":"","overlay-opacity":"","overlay-gradient":""},"tablet":{"background-color":"var(--ast-global-color-5)","background-image":"","background-repeat":"repeat","background-position":"center center","background-size":"auto","background-attachment":"scroll","background-type":"","background-media":"","overlay-type":"","overlay-color":"","overlay-opacity":"","overlay-gradient":""},"mobile":{"background-color":"var(--ast-global-color-5)","background-image":"","background-repeat":"repeat","background-position":"center center","background-size":"auto","background-attachment":"scroll","background-type":"","background-media":"","overlay-type":"","overlay-color":"","overlay-opacity":"","overlay-gradient":""}},"footnotes":""},"class_list":["post-859","page","type-page","status-publish","hentry"],"_links":{"self":[{"href":"https:\/\/www.snipnotes.de\/de\/wp-json\/wp\/v2\/pages\/859","targetHints":{"allow":["GET"]}}],"collection":[{"href":"https:\/\/www.snipnotes.de\/de\/wp-json\/wp\/v2\/pages"}],"about":[{"href":"https:\/\/www.snipnotes.de\/de\/wp-json\/wp\/v2\/types\/page"}],"author":[{"embeddable":true,"href":"https:\/\/www.snipnotes.de\/de\/wp-json\/wp\/v2\/users\/1"}],"replies":[{"embeddable":true,"href":"https:\/\/www.snipnotes.de\/de\/wp-json\/wp\/v2\/comments?post=859"}],"version-history":[{"count":38,"href":"https:\/\/www.snipnotes.de\/de\/wp-json\/wp\/v2\/pages\/859\/revisions"}],"predecessor-version":[{"id":3570,"href":"https:\/\/www.snipnotes.de\/de\/wp-json\/wp\/v2\/pages\/859\/revisions\/3570"}],"wp:attachment":[{"href":"https:\/\/www.snipnotes.de\/de\/wp-json\/wp\/v2\/media?parent=859"}],"curies":[{"name":"wp","href":"https:\/\/api.w.org\/{rel}","templated":true}]}}